{"id":19941,"date":"2022-08-14T12:13:05","date_gmt":"2022-08-14T15:13:05","guid":{"rendered":"https:\/\/www.appoloviracel.com.uy\/?post_type=product&#038;p=19941"},"modified":"2022-09-09T22:40:21","modified_gmt":"2022-09-10T01:40:21","slug":"auricular-tg-h1-bt-bluetooth","status":"publish","type":"product","link":"https:\/\/www.appoloviracel.com.uy\/index.php\/product\/auricular-tg-h1-bt-bluetooth\/","title":{"rendered":"Auricular T&#038;G \u00abH1 BT\u00bb (Bluetooth)"},"content":{"rendered":"<h2>Caracter\u00edsticas y especificaciones:<\/h2>\n<p>Nuevo Bluetooth 5.0, m\u00e1s r\u00e1pido y m\u00e1s estable<br \/>\nDise\u00f1o de ingenier\u00eda auricular y comodidad a largo plazo<br \/>\nResistente al agua, resistente al sudor, a prueba de polvo y libre movimiento<br \/>\nBajos de alta fidelidad y mayor calidad de sonido.<br \/>\nControl del bot\u00f3n de alta sensibilidad y respuesta r\u00e1pida.<br \/>\nMini compacto y port\u00e1til, no ocupa mucho espacio<br \/>\nDuraci\u00f3n de bater\u00eda del aud\u00edfono 5 horas en m\u00fasica y conversaci\u00f3n.<br \/>\nDistancia de transmisi\u00f3n hasta 10 metros<br \/>\nCapacidad de la caja de carga 1200mAh lo que permite cargar los auriculares hasta 8 veces.<br \/>\nBater\u00eda de auriculares 50mah<br \/>\nTiempo de carga 2 horas<\/p>\n<h5><strong>*Las im\u00e1genes son a modo ilustrativo.<\/strong><\/h5>\n","protected":false},"excerpt":{"rendered":"<h3><span style=\"color: #339966;\"><strong>$ 890<\/strong><\/span><\/h3>\n","protected":false},"featured_media":19942,"comment_status":"open","ping_status":"closed","template":"","meta":[],"_links":{"self":[{"href":"https:\/\/www.appoloviracel.com.uy\/index.php\/wp-json\/wp\/v2\/product\/19941"}],"collection":[{"href":"https:\/\/www.appoloviracel.com.uy\/index.php\/wp-json\/wp\/v2\/product"}],"about":[{"href":"https:\/\/www.appoloviracel.com.uy\/index.php\/wp-json\/wp\/v2\/types\/product"}],"replies":[{"embeddable":true,"href":"https:\/\/www.appoloviracel.com.uy\/index.php\/wp-json\/wp\/v2\/comments?post=19941"}],"wp:featuredmedia":[{"embeddable":true,"href":"https:\/\/www.appoloviracel.com.uy\/index.php\/wp-json\/wp\/v2\/media\/19942"}],"wp:attachment":[{"href":"https:\/\/www.appoloviracel.com.uy\/index.php\/wp-json\/wp\/v2\/media?parent=19941"}],"curies":[{"name":"wp","href":"https:\/\/api.w.org\/{rel}","templated":true}]}}