{"id":18691,"date":"2022-07-23T12:35:07","date_gmt":"2022-07-23T15:35:07","guid":{"rendered":"https:\/\/www.appoloviracel.com.uy\/?post_type=product&#038;p=18691"},"modified":"2025-12-16T15:20:12","modified_gmt":"2025-12-16T18:20:12","slug":"barra-de-sonido-xiaomi-mdz-27-di-sound-bar","status":"publish","type":"product","link":"https:\/\/www.appoloviracel.com.uy\/index.php\/product\/barra-de-sonido-xiaomi-mdz-27-di-sound-bar\/","title":{"rendered":"Barra de Sonido Xiaomi \u00abMDZ-27-Di Mi Soundbar\u00bb"},"content":{"rendered":"<h4>Caracter\u00edsticas y especificaciones:<\/h4>\n<ul>\n<li><strong>General<\/strong><\/li>\n<li><strong>Marca: Xiaomi<\/strong><\/li>\n<li><strong>Modelo: MDZ-27-DI Mi Soundbar<\/strong><\/li>\n<li><strong>Potencia: 14W * 2<\/strong><\/li>\n<li><strong>Tipo: Barra de sonido<\/strong><\/li>\n<li><strong>Dise\u00f1o: Dise\u00f1o minimalista con malla frontal de tela<\/strong><\/li>\n<li><strong>Color: Negro<\/strong><\/li>\n<\/ul>\n<ul>\n<li><strong>Conexiones<\/strong><\/li>\n<li><strong>Bluetooth: Si<\/strong><\/li>\n<li><strong>RCA: Si<\/strong><\/li>\n<li><strong>5 mm: Si<\/strong><\/li>\n<li><strong>Salida de auriculares: No<\/strong><strong><br \/>\n<\/strong><\/li>\n<\/ul>\n<ul>\n<li><strong>Otros<\/strong><\/li>\n<li><strong>Frecuencia de respuesta: 50 Hz &#8211; 25000 Hz ( -10 dB)<\/strong><\/li>\n<li><strong>Control remoto: No<\/strong><strong><br \/>\n<\/strong><\/li>\n<\/ul>\n<ul>\n<li><strong>Caracteristicas: Bluetooth 4.2 admite reproducci\u00f3n de m\u00fasica A2DP Interfaz de entrada de audio externa entrada AUX est\u00e9reo de 3,5 mm, entrada de fibra \u00f3ptica, entrada coaxial, entrada de audio roja y blanca<\/strong><\/li>\n<li><strong>Garant\u00eda: 6 meses contra defectos de fabricaci\u00f3n<\/strong><\/li>\n<\/ul>\n<h5><\/h5>\n<h5><strong>*Las im\u00e1genes son a modo ilustrativo.<\/strong><\/h5>\n","protected":false},"excerpt":{"rendered":"<h3><span style=\"color: #339966;\">U$S 149 \u00a0<\/span><\/h3>\n","protected":false},"featured_media":18692,"comment_status":"open","ping_status":"closed","template":"","meta":[],"_links":{"self":[{"href":"https:\/\/www.appoloviracel.com.uy\/index.php\/wp-json\/wp\/v2\/product\/18691"}],"collection":[{"href":"https:\/\/www.appoloviracel.com.uy\/index.php\/wp-json\/wp\/v2\/product"}],"about":[{"href":"https:\/\/www.appoloviracel.com.uy\/index.php\/wp-json\/wp\/v2\/types\/product"}],"replies":[{"embeddable":true,"href":"https:\/\/www.appoloviracel.com.uy\/index.php\/wp-json\/wp\/v2\/comments?post=18691"}],"wp:featuredmedia":[{"embeddable":true,"href":"https:\/\/www.appoloviracel.com.uy\/index.php\/wp-json\/wp\/v2\/media\/18692"}],"wp:attachment":[{"href":"https:\/\/www.appoloviracel.com.uy\/index.php\/wp-json\/wp\/v2\/media?parent=18691"}],"curies":[{"name":"wp","href":"https:\/\/api.w.org\/{rel}","templated":true}]}}