{"id":1840,"date":"2020-11-20T17:50:22","date_gmt":"2020-11-20T20:50:22","guid":{"rendered":"https:\/\/www.appoloviracel.com.uy\/?post_type=product&#038;p=1840"},"modified":"2021-04-06T23:22:52","modified_gmt":"2021-04-07T02:22:52","slug":"funda-p-samsung-a10s","status":"publish","type":"product","link":"https:\/\/www.appoloviracel.com.uy\/index.php\/product\/funda-p-samsung-a10s\/","title":{"rendered":"Funda para Samsung \u00abA10s\u00bb"},"content":{"rendered":"<h5><strong>*Las im\u00e1genes son a modo ilustrativo<\/strong><strong>.<\/strong><\/h5>\n","protected":false},"excerpt":{"rendered":"<h3><span lang=\"ES\" style=\"color: #339966;\">* El precio var\u00eda seg\u00fan el dise\u00f1o y la disponibilidad del stock.<\/span><\/h3>\n","protected":false},"featured_media":2381,"comment_status":"open","ping_status":"closed","template":"","meta":[],"_links":{"self":[{"href":"https:\/\/www.appoloviracel.com.uy\/index.php\/wp-json\/wp\/v2\/product\/1840"}],"collection":[{"href":"https:\/\/www.appoloviracel.com.uy\/index.php\/wp-json\/wp\/v2\/product"}],"about":[{"href":"https:\/\/www.appoloviracel.com.uy\/index.php\/wp-json\/wp\/v2\/types\/product"}],"replies":[{"embeddable":true,"href":"https:\/\/www.appoloviracel.com.uy\/index.php\/wp-json\/wp\/v2\/comments?post=1840"}],"wp:featuredmedia":[{"embeddable":true,"href":"https:\/\/www.appoloviracel.com.uy\/index.php\/wp-json\/wp\/v2\/media\/2381"}],"wp:attachment":[{"href":"https:\/\/www.appoloviracel.com.uy\/index.php\/wp-json\/wp\/v2\/media?parent=1840"}],"curies":[{"name":"wp","href":"https:\/\/api.w.org\/{rel}","templated":true}]}}