{"id":17462,"date":"2022-06-30T15:28:59","date_gmt":"2022-06-30T18:28:59","guid":{"rendered":"https:\/\/www.appoloviracel.com.uy\/?post_type=product&#038;p=17462"},"modified":"2023-09-20T16:04:43","modified_gmt":"2023-09-20T19:04:43","slug":"auricular-xiaomi-redmi-bud-3-lite-bluetooth","status":"publish","type":"product","link":"https:\/\/www.appoloviracel.com.uy\/index.php\/product\/auricular-xiaomi-redmi-bud-3-lite-bluetooth\/","title":{"rendered":"Auricular Xiaomi \u00abRedmi Bud 3 Lite\u00bb (Bluetooth)"},"content":{"rendered":"<h4>Caracter\u00edsticas y especificaciones:<\/h4>\n<ul>\n<li><strong>Ajuste seguro y c\u00f3modo &#8211; Ligeros y suaves <\/strong><\/li>\n<\/ul>\n<p>El dise\u00f1o ergon\u00f3mico aporta comodidad sin esfuerzo y mantiene los Redmi Buds 3 Lite seguros en las orejas incluso durante el ejercicio.<\/p>\n<ul>\n<li><strong>Conexi\u00f3n sencilla\u00bbBip\u00bb y los auriculares estar\u00e1n conectados &#8211; Reconocimiento autom\u00e1tico de dispositivos y conexiones inal\u00e1mbricas sencillas. <\/strong><\/li>\n<\/ul>\n<p>Saca los auriculares del estuche de carga y p\u00f3ntelos. Oir\u00e1s el sonido de conexi\u00f3n, lo que indica que el dispositivo ya est\u00e1 conectado a los auriculares.<\/p>\n<ul>\n<li><strong>Bluetooth 5.2 &#8211; Transmisi\u00f3n estable con funciones antinterferencias eficaces<\/strong><\/li>\n<\/ul>\n<p>La nueva versi\u00f3n 5.2 de la especificaci\u00f3n principal Bluetooth ofrece funciones antinterferencias mejoradas y conexiones m\u00e1s estables para conseguir un sonido de llamada perfecto.<\/p>\n<ul>\n<li><strong>Bater\u00eda de hasta 18 horas de duraci\u00f3n* &#8211; Sonido excepcional en cualquier momento<\/strong><\/li>\n<\/ul>\n<p>Puerto de carga tipo C: una sola carga es suficiente para hasta 5 horas de uso*. Rendimiento excepcional sin preocupaciones: haz ejercicio, escucha m\u00fasica, y disfruta de pel\u00edculas y llamadas de larga duraci\u00f3n.<\/p>\n<ul>\n<li><strong>Claridad de audio excepcional &#8211; Ajustado por el laboratorio de sonido de Xiaomi<\/strong><\/li>\n<\/ul>\n<p>El laboratorio de sonido de Xiaomi ha ajustado con pericia el diafragma din\u00e1mico de 6 mm, lo que garantiza una calidad de sonido uniforme y da vida a cada nota.<\/p>\n<ul>\n<li><strong>Anulaci\u00f3n de ruido para llamadas &#8211; Audio de alta resoluci\u00f3n para llamadas y tecnolog\u00eda antinterferencias<\/strong><\/li>\n<\/ul>\n<p>Disfruta de llamadas n\u00edtidas y perfectas gracias a la eficaz tecnolog\u00eda antinterferencias. Los Redmi Buds 3 Lite utilizan un algoritmo de reducci\u00f3n de ruido para identificar y extraer voces humanas a la vez que reducen el ruido de fondo, lo que garantiza la claridad en las llamadas.<\/p>\n<ul>\n<li><strong>Modo de latencia baja para juegos &#8211; Sonido preciso que proporciona la m\u00e1xima ventaja en la competici\u00f3n<\/strong><\/li>\n<\/ul>\n<p>Activa el modo de latencia baja para disfrutar de una experiencia de juego envolvente. Juega sin esfuerzo con una producci\u00f3n de audio precisa incluso del sonido m\u00e1s tenue, de forma que puedas diferenciar entre disparos y pasos.<\/p>\n<ul>\n<li><strong>Acciones t\u00e1ctiles sensibles<\/strong> &#8211; Un sonido incre\u00edble a tu alcanceToca dos veces, mant\u00e9n pulsado o realiza una de las otras acciones t\u00e1ctiles para pasar de un modo a otro: es sencillo, c\u00f3modo y eficaz.<\/li>\n<\/ul>\n<p>Dos toques en el auricular izquierdo\/derechoResponder llamada entranteSiguiente canci\u00f3n<\/p>\n<p>Tres toques en el auricular izquierdo\/derechoRechazar\/finalizar llamadaActivar el asistente de voz<\/p>\n<p>Pulsaci\u00f3n continua del auricular izquierdo\/derechoReproducir\/pausar<\/p>\n<p>Pulsaci\u00f3n continua de ambos auricularesAcceder\/salir del modo de baja latencia<\/p>\n<ul>\n<li><strong>Resistencia al polvo y al agua para uso diario &#8211; Protecci\u00f3n profesional frente al polvo y las salpicaduras de agua<\/strong><\/li>\n<\/ul>\n<p>Dise\u00f1o experto con resistencia IP54* al polvo y al agua. Disfruta de un rendimiento extraordinario en una amplia variedad de entornos, desde tus trayectos diarios al trabajo hasta las sesiones en el gimnasio.<\/p>\n<p>Dise\u00f1o elegante &#8211; Sencillos y elegantes, perfectos para cualquier estilo<\/p>\n<p>Dos colores cl\u00e1sicos (negro\/blanco) con un estuche de carga elegante y redondeado. T\u00fa decides tu estilo.<\/p>\n<ul>\n<li>Notas:<\/li>\n<\/ul>\n<p>*Las im\u00e1genes relevantes de las funciones de los auriculares en esta p\u00e1gina tienen fines meramente ilustrativos. Los par\u00e1metros del producto se indican solo como referencia. Algunos par\u00e1metros del producto pueden variar debido a factores externos, como el entorno o las diferencias en los sistemas del tel\u00e9fono m\u00f3vil. Consulta el producto real para conocer los detalles.*Bater\u00eda de hasta 18 horas de duraci\u00f3n se refiere a la duraci\u00f3n de la bater\u00eda de los auriculares cuando se utilizan junto con el estuche de carga.*Condiciones de prueba de duraci\u00f3n de la bater\u00eda: nivel de bater\u00eda del auricular al 100 %, volumen del auricular ajustado al 50 %, modo de codificaci\u00f3n Bluetooth\u00ae establecido en SBC. Procedimiento de la prueba: las bater\u00edas de los Redmi Buds 3 Lite se descargaron completamente mientras reproduc\u00edan audio, hasta que uno de los auriculares dej\u00f3 de funcionar. Las horas de uso reales pueden variar en funci\u00f3n de las condiciones de uso, el nivel de carga y los factores ambientales.*Aseg\u00farate de que el puerto de carga no est\u00e9 h\u00famedo ni contenga objetos extra\u00f1os antes de cargarlos.*Prueba de resistencia IP54 al polvo y al agua. Seg\u00fan la norma IEC 60529-2013\/Cor.2:2015, han superado las pruebas realizadas por Shenzhen 863 New Material and Technology Co. Ltd. El n\u00famero de informe de la prueba IP5X es SAC2021-0813002E. El n\u00famero de informe de la prueba IPX4 es SAC2021-0813001E. Los resultados de las pruebas demostraron que cumplen la norma IEC 60529-2013\/Cor.2:2015.*El cable de carga tipo C no est\u00e1 incluido en el paquete.*La palabra Bluetooth\u00ae y sus logotipos son marcas comerciales registradas propiedad de Bluetooth SIG, Inc. y cualquier uso de dichas marcas por parte de Xiaomi Inc. se realiza bajo licencia.<\/p>\n<h5><strong>*Las im\u00e1genes son a modo ilustrativo.<\/strong><\/h5>\n","protected":false},"excerpt":{"rendered":"<h3><span style=\"color: #339966;\"><strong>$ 1.390<\/strong><\/span><\/h3>\n","protected":false},"featured_media":17477,"comment_status":"open","ping_status":"closed","template":"","meta":[],"_links":{"self":[{"href":"https:\/\/www.appoloviracel.com.uy\/index.php\/wp-json\/wp\/v2\/product\/17462"}],"collection":[{"href":"https:\/\/www.appoloviracel.com.uy\/index.php\/wp-json\/wp\/v2\/product"}],"about":[{"href":"https:\/\/www.appoloviracel.com.uy\/index.php\/wp-json\/wp\/v2\/types\/product"}],"replies":[{"embeddable":true,"href":"https:\/\/www.appoloviracel.com.uy\/index.php\/wp-json\/wp\/v2\/comments?post=17462"}],"wp:featuredmedia":[{"embeddable":true,"href":"https:\/\/www.appoloviracel.com.uy\/index.php\/wp-json\/wp\/v2\/media\/17477"}],"wp:attachment":[{"href":"https:\/\/www.appoloviracel.com.uy\/index.php\/wp-json\/wp\/v2\/media?parent=17462"}],"curies":[{"name":"wp","href":"https:\/\/api.w.org\/{rel}","templated":true}]}}