{"id":17420,"date":"2022-06-28T20:49:49","date_gmt":"2022-06-28T23:49:49","guid":{"rendered":"https:\/\/www.appoloviracel.com.uy\/?post_type=product&#038;p=17420"},"modified":"2023-07-01T09:49:27","modified_gmt":"2023-07-01T12:49:27","slug":"celular-xiaomi-redmi-note-11s-128gb-8gb","status":"publish","type":"product","link":"https:\/\/www.appoloviracel.com.uy\/index.php\/product\/celular-xiaomi-redmi-note-11s-128gb-8gb\/","title":{"rendered":"Celular Xiaomi \u00abRedmi Note11s\u00bb (128Gb-8Gb)"},"content":{"rendered":"<h4>Caracter\u00edsticas y especificaciones:<strong>\u00a0<\/strong><\/h4>\n<ul>\n<li>Dise\u00f1o y Pantalla: El Xiaomi Redmi Note 11s 5G presenta una carcasa trasera detallada y los bordes planos, el Xiaomi Redmi Note 11S 5G se ve m\u00e1s elegante y tambi\u00e9n es c\u00f3modo de sostener. Podr\u00e1s disfrutar de una pantalla de 6.6\u201d para apreciar las aplicaciones de tu celular con una incre\u00edble calidad.<\/li>\n<li>Procesador: El procesador Mediatek OctaCore 2.4 GHz + 2.0 GHz ofrece un incre\u00edble rendimiento por lo que podr\u00e1s disfruta de im\u00e1genes n\u00edtidas y potentes experiencias de juego. El Xiaomi Redmi Note 11s 5G cuenta con 4 GB de RAM y 128 GB de memoria interna. Adem\u00e1s, soporta una memoria externa de hasta 1 TB.<\/li>\n<li>C\u00e1mara: Xiaomi Redmi Note 11S 5G cuenta con c\u00e1mara triple 50 MP + 8 MP + 2 MP que te permite capturar fotograf\u00edas premium s\u00faper n\u00edtidas. Adem\u00e1s, con la c\u00e1mara selfie de 13 MP obtendr\u00e1s incre\u00edbles retratos que resalten tus rasgos.<\/li>\n<li>Bater\u00eda: Una bater\u00eda de alta capacidad de 5000mAh alimenta el Xiaomi Redmi Note 11s 5G y dura todo el d\u00eda. As\u00ed no tendr\u00e1s que preocuparte por quedarte sin carga en tu tel\u00e9fono.<\/li>\n<li>Pantalla: 6.6&#8243;<\/li>\n<li>Sistema operativo: Android R<\/li>\n<li>Procesador: Mediatek Dimensity 810<\/li>\n<li>C\u00e1mara principal: 50MP + 8MP + 2MP + 2MP<\/li>\n<li>C\u00e1mara frontal: 13MP<\/li>\n<li>Memoria expandible: Hasta 512Gb<\/li>\n<li>PESO: 195 gr<\/li>\n<li>TAMA\u00d1O: 6.6&#8243;<\/li>\n<li>DIMENSIONES: 163.6mm * 75.8mm * 8.8mm<\/li>\n<li>C\u00c1MARA PRINCIPAL: 50MP + 8MP + 2MP + 2MP<\/li>\n<li>C\u00c1MARA FRONTAL: 13MP<\/li>\n<li>PROCESADOR: Mediatek Dimensity 810<\/li>\n<li>MEMORIA INTERNA: 128 GB<\/li>\n<li>BATER\u00cdA: 5000 mAh<\/li>\n<li>DUAL SIM: Disponible<\/li>\n<li>Conectividad: 2G\/3G\/4G, LTE, GPS\/GPRS, A-GPS, EDGE, Acceso a Web, SMS\/MMS, Exchange, POP3\/IMAP4, Hotspot\/modem, Bluetooth, WiFi, Modem Integrado<\/li>\n<li>Se incluyen los siguientes accesorios: <strong>Cargador y Manual<\/strong><\/li>\n<li><strong>Garant\u00eda:<\/strong> 12 meses contra defecto de fabricaci\u00f3n<\/li>\n<\/ul>\n<h4><\/h4>\n<h4><span style=\"color: #ff0000;\"><strong>Contado efectivo: 10% de Descuento<\/strong><\/span><\/h4>\n<h5><strong>*Las im\u00e1genes son a modo ilustrativo.<\/strong><\/h5>\n","protected":false},"excerpt":{"rendered":"<h4>Antes <del>U$S 335<\/del><\/h4>\n<h3><span style=\"color: #339966;\"><strong>Ahora U$S 309<\/strong><\/span><\/h3>\n","protected":false},"featured_media":17421,"comment_status":"open","ping_status":"closed","template":"","meta":[],"_links":{"self":[{"href":"https:\/\/www.appoloviracel.com.uy\/index.php\/wp-json\/wp\/v2\/product\/17420"}],"collection":[{"href":"https:\/\/www.appoloviracel.com.uy\/index.php\/wp-json\/wp\/v2\/product"}],"about":[{"href":"https:\/\/www.appoloviracel.com.uy\/index.php\/wp-json\/wp\/v2\/types\/product"}],"replies":[{"embeddable":true,"href":"https:\/\/www.appoloviracel.com.uy\/index.php\/wp-json\/wp\/v2\/comments?post=17420"}],"wp:featuredmedia":[{"embeddable":true,"href":"https:\/\/www.appoloviracel.com.uy\/index.php\/wp-json\/wp\/v2\/media\/17421"}],"wp:attachment":[{"href":"https:\/\/www.appoloviracel.com.uy\/index.php\/wp-json\/wp\/v2\/media?parent=17420"}],"curies":[{"name":"wp","href":"https:\/\/api.w.org\/{rel}","templated":true}]}}