{"id":17367,"date":"2022-06-27T17:38:39","date_gmt":"2022-06-27T20:38:39","guid":{"rendered":"https:\/\/www.appoloviracel.com.uy\/?post_type=product&#038;p=17367"},"modified":"2024-03-21T10:04:55","modified_gmt":"2024-03-21T13:04:55","slug":"mi-tv-stick-xiaomi-8gb-1bb-reproductor-portatil-de-contenido","status":"publish","type":"product","link":"https:\/\/www.appoloviracel.com.uy\/index.php\/product\/mi-tv-stick-xiaomi-8gb-1bb-reproductor-portatil-de-contenido\/","title":{"rendered":"Mi TV Stick Xiaomi (8Gb-1Bb) Reproductor Port\u00e1til de Contenido"},"content":{"rendered":"<h4>Caracter\u00edsticas y especificaciones:<\/h4>\n<p>Junto al Mi Curved Gaming Monitor 34&#8243;, Xiaomi anunci\u00f3 m\u00e1s productos, como el Mi TV Stick, donde te resumimos r\u00e1pidamente que estamos ante un Android TV con un tama\u00f1o de 92,4 x 30,2 x 15,2 mm de espesor con un peso de 28.5 gramos, el cual te permitir\u00e1 transformar un televisor antiguo en una Smart TV, o si ya lo es pero funciona mal, actualizar dicha faceta sin cambiar el televisor. Obviamente, tambi\u00e9n se puede conectar a un monitor, proyector, etc, ya que se conecta mediante un puerto HDMI.<\/p>\n<p>En su interior conocemos que tenemos un procesador Quad Core con 4x n\u00facleos Cortex-A53 junto a unos gr\u00e1ficos ARM Mali-450, 1 GB de memoria RAM y 8 GB de almacenamiento interno ampliable.<\/p>\n<p>Ofrece conectividad WiFi 802.11ac + Bluetooth 4.2, tiene un puerto microUSB, permite reproducir v\u00eddeo Full HD de 1920 x 1080 p\u00edxeles @ 60 FPS en los formatos m\u00e1s modernos (VP0-10, H.265, H.264, etc), soporta sonido Dolby Audio y DTS, cuenta con Google Assistant y ofrece funci\u00f3n Chromecast, adem\u00e1s de un c\u00f3modo mando a distancia para moverte por la interfaz, con micr\u00f3fono para los comandos por voz, y botones de acceso directo a Netflix y Amazon Prime Video.<\/p>\n<ul>\n<li>Resoluci\u00f3n de salida: 1080P (1920*1080@60fps)<\/li>\n<li>RAM: 1Gb<\/li>\n<li>CPU: Cortex-A53 de cuatro n\u00facleos<\/li>\n<li>Almacenamiento: 8Gb<\/li>\n<li>GPU: ARM Mali-450<\/li>\n<li>Sistema operativo: Android 9.0<\/li>\n<li>Conectividad: Wi-Fi, 802.11a\/b\/g\/n\/ac, 2.4GHz\/5GHz, Bluetooth 4.2<\/li>\n<li>Decodificador de v\u00eddeo: VP9-10, H.265, H.264, VC-1, MPEG1\/2\/4, Real8\/9\/10<\/li>\n<li>Formato de video: RM, MOV, VOB, AVI, MKV, TS, MP4<\/li>\n<li>Decodificador de audio: DOLBY, DTS<\/li>\n<li>Formato de audio: MP3, AAC, FLAC, OGG<\/li>\n<li>Decodificador de im\u00e1genes: JPG, BMP, GIF, PNG<\/li>\n<li>Puertos: *1 HDMI, *1 Micro USB<\/li>\n<li>Contenido del paquete: *1 Mi TV Stick, *1 Mando a distancia, *1 Adaptador de corriente, *1 Manual del usuario<\/li>\n<li>Garant\u00eda: 6 meses contra defectos de fabricaci\u00f3n<\/li>\n<\/ul>\n<h5><\/h5>\n<h5><strong>*Las im\u00e1genes son a modo ilustrativo<\/strong><\/h5>\n","protected":false},"excerpt":{"rendered":"<h3><span style=\"color: #ff0000;\"><strong>AGOTADO<\/strong><\/span><\/h3>\n","protected":false},"featured_media":17368,"comment_status":"open","ping_status":"closed","template":"","meta":[],"_links":{"self":[{"href":"https:\/\/www.appoloviracel.com.uy\/index.php\/wp-json\/wp\/v2\/product\/17367"}],"collection":[{"href":"https:\/\/www.appoloviracel.com.uy\/index.php\/wp-json\/wp\/v2\/product"}],"about":[{"href":"https:\/\/www.appoloviracel.com.uy\/index.php\/wp-json\/wp\/v2\/types\/product"}],"replies":[{"embeddable":true,"href":"https:\/\/www.appoloviracel.com.uy\/index.php\/wp-json\/wp\/v2\/comments?post=17367"}],"wp:featuredmedia":[{"embeddable":true,"href":"https:\/\/www.appoloviracel.com.uy\/index.php\/wp-json\/wp\/v2\/media\/17368"}],"wp:attachment":[{"href":"https:\/\/www.appoloviracel.com.uy\/index.php\/wp-json\/wp\/v2\/media?parent=17367"}],"curies":[{"name":"wp","href":"https:\/\/api.w.org\/{rel}","templated":true}]}}