{"id":17235,"date":"2022-06-26T18:14:36","date_gmt":"2022-06-26T21:14:36","guid":{"rendered":"https:\/\/www.appoloviracel.com.uy\/?post_type=product&#038;p=17235"},"modified":"2022-08-31T22:52:07","modified_gmt":"2022-09-01T01:52:07","slug":"celular-samsung-galaxy-s22-256gb-8gb","status":"publish","type":"product","link":"https:\/\/www.appoloviracel.com.uy\/index.php\/product\/celular-samsung-galaxy-s22-256gb-8gb\/","title":{"rendered":"Celular Samsung \u00abGalaxy s22\u00bb (256Gb-8Gb)"},"content":{"rendered":"<h4>Caracter\u00edsticas y especificaciones:<\/h4>\n<p>El Samsung Galaxy S22 es el smartphone que da nombre a la serie. El Galaxy S22 llega con una pantalla Dynamic AMOLED 2X de 6.1 pulgadas a resoluci\u00f3n FHD+ y tasa de refresco variable de 120Hz. Con opciones de procesador de acuerdo con la regi\u00f3n, el Galaxy S22 llega con un Snapdragon 8 Gen 1 o bien con un Exynos 2200, acompa\u00f1ado de 8GB de RAM con hasta 256GB de almacenamiento interno. El arreglo de c\u00e1maras trasero cuenta con una c\u00e1mara principal de 50MP con OIS, una c\u00e1mara ultrawide de 12MP y una telefoto de 10MP con OIS y zoom 3x, mientras que la c\u00e1mara frontal es de 10MP. Una bater\u00eda de 3700 mAh de carga r\u00e1pida alimenta al Galaxy S22, que completa sus caracter\u00edsticas con parlantes stereo, lector de huellas bajo la pantalla, certificaci\u00f3n IP68 y corre One UI 4.1 basado en Android 12.<\/p>\n<ul>\n<li>Pantalla: 6.1&#8243;, 1080 x 2340 pixels<\/li>\n<li>Procesador: Snapdragon 8 Gen 1 3GHz \/ Exynos 2200 2.8GHz<\/li>\n<li>RAM: 8Gb<\/li>\n<li>Almacenamiento: 256GB<\/li>\n<li>Expansi\u00f3n: sin microSD<\/li>\n<li>C\u00e1mara: Triple, 50MP+12MP+10MP<\/li>\n<li>Bater\u00eda: 3700 mAh<\/li>\n<li>OS: Android 12<\/li>\n<li>Perfil: 7.6 mm<\/li>\n<li>Peso: 167 g<\/li>\n<li>Se incluyen los siguientes accesorios: <strong>Cargador y Manual<\/strong><\/li>\n<li><strong>Garant\u00eda:<\/strong> 12 meses contra defecto de fabricaci\u00f3n<\/li>\n<\/ul>\n<h4><\/h4>\n<h4><span style=\"color: #ff0000;\"><strong>Contado efectivo: 10% de Descuento<\/strong><\/span><\/h4>\n<h5><strong>*Las im\u00e1genes son a modo ilustrativo.<\/strong><\/h5>\n","protected":false},"excerpt":{"rendered":"<h3><span style=\"color: #339966;\"><strong>U$S 1.360<\/strong><\/span><\/h3>\n","protected":false},"featured_media":17236,"comment_status":"open","ping_status":"closed","template":"","meta":[],"_links":{"self":[{"href":"https:\/\/www.appoloviracel.com.uy\/index.php\/wp-json\/wp\/v2\/product\/17235"}],"collection":[{"href":"https:\/\/www.appoloviracel.com.uy\/index.php\/wp-json\/wp\/v2\/product"}],"about":[{"href":"https:\/\/www.appoloviracel.com.uy\/index.php\/wp-json\/wp\/v2\/types\/product"}],"replies":[{"embeddable":true,"href":"https:\/\/www.appoloviracel.com.uy\/index.php\/wp-json\/wp\/v2\/comments?post=17235"}],"wp:featuredmedia":[{"embeddable":true,"href":"https:\/\/www.appoloviracel.com.uy\/index.php\/wp-json\/wp\/v2\/media\/17236"}],"wp:attachment":[{"href":"https:\/\/www.appoloviracel.com.uy\/index.php\/wp-json\/wp\/v2\/media?parent=17235"}],"curies":[{"name":"wp","href":"https:\/\/api.w.org\/{rel}","templated":true}]}}