{"id":1681,"date":"2020-11-18T20:14:50","date_gmt":"2020-11-18T23:14:50","guid":{"rendered":"https:\/\/www.appoloviracel.com.uy\/?post_type=product&#038;p=1681"},"modified":"2022-10-15T16:50:08","modified_gmt":"2022-10-15T19:50:08","slug":"film-hydrogel","status":"publish","type":"product","link":"https:\/\/www.appoloviracel.com.uy\/index.php\/product\/film-hydrogel\/","title":{"rendered":"Protector para Pantalla \u00abHydrogel\u00bb"},"content":{"rendered":"<h4>Caracter\u00edsticas y especificaciones:<\/h4>\n<p>El hydrogel es una pel\u00edcula suave hecha de materiales de <strong>poliuterano flexible o polietileno y alta ductilidad<\/strong>, resiste las huellas dactilares y puede moldearse para adaptarse a smartphones delgados. <strong>Estos hidrogeles son ultra delgados<\/strong>, y casi no te dar\u00e1s cuenta de que un m\u00f3vil est\u00e1 protegido por este tipo de material si no lo observas atentamente.<\/p>\n<p>Un protector de pantalla de hidrogel est\u00e1 hecho por un tipo de resina que es lo que realmente aporta la protecci\u00f3n al m\u00f3vil. Puede parecer m\u00e1s fr\u00e1gil que el cristal templado, pero solo en apariencia, ya que esto le permite pegarse m\u00e1s a la pantalla evitando que las esquinas queden desprotegidas. <strong>Aguanta mucho m\u00e1s las ca\u00eddas que el cristal templado<\/strong>, ya que absorbe toda la potencia de los impactos haciendo que estos no hagan da\u00f1o a la pantalla. Y si hay algunos rayones, la superficie <strong>se regenera<\/strong> y desaparecen.<\/p>\n","protected":false},"excerpt":{"rendered":"<h3><span style=\"color: #339966;\">$ 400<\/span><\/h3>\n<h5><strong>*Las imagenes son a modo ilustrativo<\/strong><\/h5>\n<h5><span style=\"color: #ff0000;\"><strong>Apto para todos los modelos<\/strong><\/span><\/h5>\n","protected":false},"featured_media":1682,"comment_status":"open","ping_status":"closed","template":"","meta":[],"_links":{"self":[{"href":"https:\/\/www.appoloviracel.com.uy\/index.php\/wp-json\/wp\/v2\/product\/1681"}],"collection":[{"href":"https:\/\/www.appoloviracel.com.uy\/index.php\/wp-json\/wp\/v2\/product"}],"about":[{"href":"https:\/\/www.appoloviracel.com.uy\/index.php\/wp-json\/wp\/v2\/types\/product"}],"replies":[{"embeddable":true,"href":"https:\/\/www.appoloviracel.com.uy\/index.php\/wp-json\/wp\/v2\/comments?post=1681"}],"wp:featuredmedia":[{"embeddable":true,"href":"https:\/\/www.appoloviracel.com.uy\/index.php\/wp-json\/wp\/v2\/media\/1682"}],"wp:attachment":[{"href":"https:\/\/www.appoloviracel.com.uy\/index.php\/wp-json\/wp\/v2\/media?parent=1681"}],"curies":[{"name":"wp","href":"https:\/\/api.w.org\/{rel}","templated":true}]}}