{"id":16551,"date":"2022-06-11T22:42:47","date_gmt":"2022-06-12T01:42:47","guid":{"rendered":"https:\/\/www.appoloviracel.com.uy\/?post_type=product&#038;p=16551"},"modified":"2026-04-30T01:49:52","modified_gmt":"2026-04-30T04:49:52","slug":"auricular-jbl-wave-100tws-bluetooth","status":"publish","type":"product","link":"https:\/\/www.appoloviracel.com.uy\/index.php\/product\/auricular-jbl-wave-100tws-bluetooth\/","title":{"rendered":"Auricular JBL \u00abWave 100\u00bb TWS (Bluetooth)"},"content":{"rendered":"<h4>Caracter\u00edsticas y especificaciones:<\/h4>\n<p>Con el sonido JBL Deep Bass, estos auriculares True Wireless ponen color a tu d\u00eda con hasta 20 horas de reproducci\u00f3n. Librarse de los cables significa disfrutar de llamadas manos libres y de una comodidad absoluta. Pareados al instante e independientes gracias a la conexi\u00f3n dual, la m\u00fasica, las llamadas y el asistente de voz se pueden controlar desde los auriculares para que puedas seguir fluyendo.<\/p>\n<h5>Versi\u00f3n Bluetooth: 5.0<\/h5>\n<ul>\n<li>Material del tap\u00f3n del auricular: Silicon<\/li>\n<li>Driver: 8mm<\/li>\n<\/ul>\n<p>&nbsp;<\/p>\n<h5>Caracter\u00edsticas de audio<\/h5>\n<ul>\n<li>Sensibilidad del driver a 1kHz1mW (dB): 105.5<\/li>\n<li>Respuesta de frecuencia din\u00e1mica: 20 Hz \u2013 20 kHz<\/li>\n<li>Impedancia de entrada (ohms): 16<\/li>\n<li>N\u00famero de drivers por auricular: 1<\/li>\n<\/ul>\n<p>&nbsp;<\/p>\n<h5>Caracter\u00edsticas de control y conexi\u00f3n<\/h5>\n<ul>\n<li>Perfiles Bluetooth: A2DP 1.3, AVRCP 1.6, HFP 1.7<\/li>\n<li>Rango de frecuencia de transmisi\u00f3n Bluetooth: 2.4 GHz \u2013 2.4835 GHz<\/li>\n<li>Transmisi\u00f3n de modulaci\u00f3n GFSK v\u00eda Bluetooth: GFSK, \u03c0\/4-DQPSK, 8-DPSK<\/li>\n<li>Potencia de transmisi\u00f3n Bluetooth: 0 &#8211; 10dbm<\/li>\n<li>Bluetooth: S\u00ed<\/li>\n<li>Integraci\u00f3n con asistente de voz: S\u00ed<\/li>\n<li>Micr\u00f3fono integrado: S\u00ed<\/li>\n<li>Estuche de carga: S\u00ed<\/li>\n<li>Llamadas con manos libres: S\u00ed<\/li>\n<li>True Wireless: S\u00ed<\/li>\n<li>Inal\u00e1mbrico: S\u00ed<\/li>\n<\/ul>\n<p>&nbsp;<\/p>\n<h5>Bater\u00eda<\/h5>\n<ul>\n<li>Bater\u00eda recargable: S\u00ed<\/li>\n<li>Tiempo de carga (horas): 2<\/li>\n<li>Tiempo de juego m\u00e1ximo (horas): 5<\/li>\n<\/ul>\n<h5><\/h5>\n<h5>*Las im\u00e1genes son a modo ilustrativo.<\/h5>\n","protected":false},"excerpt":{"rendered":"<h3><strong><span style=\"color: #339966;\">$ 3.290<\/span><\/strong><\/h3>\n","protected":false},"featured_media":16552,"comment_status":"open","ping_status":"closed","template":"","meta":[],"_links":{"self":[{"href":"https:\/\/www.appoloviracel.com.uy\/index.php\/wp-json\/wp\/v2\/product\/16551"}],"collection":[{"href":"https:\/\/www.appoloviracel.com.uy\/index.php\/wp-json\/wp\/v2\/product"}],"about":[{"href":"https:\/\/www.appoloviracel.com.uy\/index.php\/wp-json\/wp\/v2\/types\/product"}],"replies":[{"embeddable":true,"href":"https:\/\/www.appoloviracel.com.uy\/index.php\/wp-json\/wp\/v2\/comments?post=16551"}],"wp:featuredmedia":[{"embeddable":true,"href":"https:\/\/www.appoloviracel.com.uy\/index.php\/wp-json\/wp\/v2\/media\/16552"}],"wp:attachment":[{"href":"https:\/\/www.appoloviracel.com.uy\/index.php\/wp-json\/wp\/v2\/media?parent=16551"}],"curies":[{"name":"wp","href":"https:\/\/api.w.org\/{rel}","templated":true}]}}