{"id":1606,"date":"2020-11-13T09:33:02","date_gmt":"2020-11-13T12:33:02","guid":{"rendered":"https:\/\/www.appoloviracel.com.uy\/?post_type=product&#038;p=1606"},"modified":"2021-04-13T19:27:20","modified_gmt":"2021-04-13T22:27:20","slug":"cable-hdmi-macho-macho-1-8-m","status":"publish","type":"product","link":"https:\/\/www.appoloviracel.com.uy\/index.php\/product\/cable-hdmi-macho-macho-1-8-m\/","title":{"rendered":"Cable Extensi\u00f3n HDMI, Macho a Macho (1.8Metros)"},"content":{"rendered":"<h4>Caracter\u00edsticas y especificaciones:<\/h4>\n<ul>\n<li>Cable HDMI a HDMI macho<\/li>\n<li>Largo: 1.8metros<\/li>\n<li>Color Negro<\/li>\n<li>Conectores HDMI macho a HDMI macho<\/li>\n<li>Perfecto para televisores digitales, LCD, reproductores D-VHS, pantallas de plasma, receptores de audio\/v\u00eddeo, reproductores de DVD, TV m\u00f3vil, PC, c\u00e1mara de v\u00eddeo, c\u00e1mara digital.<\/li>\n<li>Cumple est\u00e1ndar HDMI v1.3b<\/li>\n<\/ul>\n<p>&nbsp;<\/p>\n<h5><strong>*Las im\u00e1genes son a modo ilustrativo.<\/strong><\/h5>\n","protected":false},"excerpt":{"rendered":"<h3><span style=\"color: #339966;\">$ 150<\/span><\/h3>\n","protected":false},"featured_media":1607,"comment_status":"open","ping_status":"closed","template":"","meta":[],"_links":{"self":[{"href":"https:\/\/www.appoloviracel.com.uy\/index.php\/wp-json\/wp\/v2\/product\/1606"}],"collection":[{"href":"https:\/\/www.appoloviracel.com.uy\/index.php\/wp-json\/wp\/v2\/product"}],"about":[{"href":"https:\/\/www.appoloviracel.com.uy\/index.php\/wp-json\/wp\/v2\/types\/product"}],"replies":[{"embeddable":true,"href":"https:\/\/www.appoloviracel.com.uy\/index.php\/wp-json\/wp\/v2\/comments?post=1606"}],"wp:featuredmedia":[{"embeddable":true,"href":"https:\/\/www.appoloviracel.com.uy\/index.php\/wp-json\/wp\/v2\/media\/1607"}],"wp:attachment":[{"href":"https:\/\/www.appoloviracel.com.uy\/index.php\/wp-json\/wp\/v2\/media?parent=1606"}],"curies":[{"name":"wp","href":"https:\/\/api.w.org\/{rel}","templated":true}]}}