{"id":1552,"date":"2020-11-13T00:45:38","date_gmt":"2020-11-13T03:45:38","guid":{"rendered":"https:\/\/www.appoloviracel.com.uy\/?post_type=product&#038;p=1552"},"modified":"2025-08-26T11:34:36","modified_gmt":"2025-08-26T14:34:36","slug":"alcatel-5x-32gb-3gb","status":"publish","type":"product","link":"https:\/\/www.appoloviracel.com.uy\/index.php\/product\/alcatel-5x-32gb-3gb\/","title":{"rendered":"Celular Alcatel \u00ab5x\u00bb (128Gb-4Gb)"},"content":{"rendered":"<h4>Caracter\u00edsticas y especificaciones:<\/h4>\n<p><strong>Capture preciosos momentos &#8211; 48MP C\u00e1mara AI QUAD<\/strong><br \/>\nC\u00e1mara principal en alta resoluci\u00f3n <strong>48MP<\/strong> acompa\u00f1ada de lente macro (2MP), de profundidad (2MP) y s\u00faper gran angular (5MP), hacen una gran experiencia fotogr\u00e1fica.<br \/>\nCon el sensor de p\u00edxeles grandes de 1,8 \u00b5m, capture fotos claras y brillantes incluso en condiciones de poca luz.<\/p>\n<ul>\n<li><strong>Selfies c\u00e1mara frontal 13MP <\/strong><\/li>\n<li>Tome selfies de alta resoluci\u00f3n n\u00edtida y colorida con bokeh art\u00edstico<\/li>\n<li>Se incluyen los siguientes accesorios: <strong>Cargador y Manual<\/strong><\/li>\n<li><strong>Garant\u00eda:<\/strong> 12 meses contra defecto de fabricaci\u00f3n<\/li>\n<\/ul>\n<h4><\/h4>\n<h4><span style=\"color: #ff0000;\"><strong>Contado efectivo: 10% de Descuento<\/strong><\/span><\/h4>\n<h5><strong>*Las im\u00e1genes son a modo ilustrativo.<\/strong><\/h5>\n","protected":false},"excerpt":{"rendered":"<h3><span style=\"color: #ff0000;\"><strong>\u00abArt\u00edculo Agotado\u00bb<\/strong><\/span><\/h3>\n","protected":false},"featured_media":1553,"comment_status":"open","ping_status":"closed","template":"","meta":[],"_links":{"self":[{"href":"https:\/\/www.appoloviracel.com.uy\/index.php\/wp-json\/wp\/v2\/product\/1552"}],"collection":[{"href":"https:\/\/www.appoloviracel.com.uy\/index.php\/wp-json\/wp\/v2\/product"}],"about":[{"href":"https:\/\/www.appoloviracel.com.uy\/index.php\/wp-json\/wp\/v2\/types\/product"}],"replies":[{"embeddable":true,"href":"https:\/\/www.appoloviracel.com.uy\/index.php\/wp-json\/wp\/v2\/comments?post=1552"}],"wp:featuredmedia":[{"embeddable":true,"href":"https:\/\/www.appoloviracel.com.uy\/index.php\/wp-json\/wp\/v2\/media\/1553"}],"wp:attachment":[{"href":"https:\/\/www.appoloviracel.com.uy\/index.php\/wp-json\/wp\/v2\/media?parent=1552"}],"curies":[{"name":"wp","href":"https:\/\/api.w.org\/{rel}","templated":true}]}}