{"id":15499,"date":"2022-05-23T14:31:03","date_gmt":"2022-05-23T17:31:03","guid":{"rendered":"https:\/\/www.appoloviracel.com.uy\/?post_type=product&#038;p=15499"},"modified":"2023-02-16T10:43:23","modified_gmt":"2023-02-16T13:43:23","slug":"celular-samsung-galaxy-a03-64gb-4gb","status":"publish","type":"product","link":"https:\/\/www.appoloviracel.com.uy\/index.php\/product\/celular-samsung-galaxy-a03-64gb-4gb\/","title":{"rendered":"Celular Samsung \u00abGalaxy A03\u00bb (64Gb-4Gb)"},"content":{"rendered":"<h4><strong>Caracter\u00edsticas y especificaciones<\/strong><\/h4>\n<p>El\u00a0<strong>Samsung Galaxy A03 Core <\/strong>ampl\u00eda tu visi\u00f3n con la pantalla Infinity-V de 6,5 pulgadas y mira lo que te has estado perdiendo. Gracias a la tecnolog\u00eda HD+, tus contenidos cotidianos se ver\u00e1n m\u00e1s n\u00edtidos, m\u00e1s definidos, m\u00e1s claros! Anticipate al d\u00eda con una bater\u00eda que no te ralentizar\u00e1. La bater\u00eda de 5000 mAh (t\u00edpica)\u00b9 te permite seguir actuando sin interrupciones durante toda la jornada.<\/p>\n<ul>\n<li>Marca: Samsung<\/li>\n<li>Modelo: Galaxy A03<\/li>\n<li>Procesador: Octa-core (2&#215;1.6 GHz 6&#215;1.6 GHz)<\/li>\n<li>Sistema Operativo: Android 11<\/li>\n<li>SIM: Nano-SIM; Dual SIM<\/li>\n<li>Memoria RAM: 4GB<\/li>\n<li>Conector Audio: 3.5mm<\/li>\n<li>Libre: SI<\/li>\n<li>Red 2G: GSM 850 900 1800 1900<\/li>\n<li>Red 3G: HSDPA 800 850 900 1700(AWS) 1900 2100<\/li>\n<li>Red 4G: LTE B2 1900Mhz (Movistar), B4 17002100 Mhz (Antel,Claro)<\/li>\n<li>Pantalla: Tama\u00f1o Pantalla: 6.5&#8243;; Resoluci\u00f3n: 720 * 1600 p\u00edxeles; Pantalla Tactil: Si<\/li>\n<li>Memoria Interna: 64 GB; Memoria expansible: Hasta 1TB Micro SD<\/li>\n<li>Conectividad: Bluetooth; Wifi; GPS; Micro-usb<\/li>\n<li>C\u00e1mara Selfie: 5 MP<\/li>\n<li>C\u00e1mara Principal: 48 MP<\/li>\n<li>Video: 1080p@30fps<\/li>\n<li><strong>S<\/strong>e incluyen los siguientes accesorios: <strong>Cargador y Manual<\/strong><\/li>\n<li><strong>Garant\u00eda:<\/strong> 12 meses contra defecto de fabricaci\u00f3n<\/li>\n<\/ul>\n<p><strong>\u00a0<\/strong><\/p>\n<h4><span style=\"color: #ff0000;\"><strong>Contado efectivo: 10% de Descuento<\/strong><\/span><\/h4>\n<p>&nbsp;<\/p>\n<h5><strong>*Las im\u00e1genes son a modo ilustrativo.<\/strong><\/h5>\n","protected":false},"excerpt":{"rendered":"<h3><span style=\"color: #339966;\"><strong>U$S 189<\/strong><\/span><\/h3>\n","protected":false},"featured_media":15500,"comment_status":"open","ping_status":"closed","template":"","meta":[],"_links":{"self":[{"href":"https:\/\/www.appoloviracel.com.uy\/index.php\/wp-json\/wp\/v2\/product\/15499"}],"collection":[{"href":"https:\/\/www.appoloviracel.com.uy\/index.php\/wp-json\/wp\/v2\/product"}],"about":[{"href":"https:\/\/www.appoloviracel.com.uy\/index.php\/wp-json\/wp\/v2\/types\/product"}],"replies":[{"embeddable":true,"href":"https:\/\/www.appoloviracel.com.uy\/index.php\/wp-json\/wp\/v2\/comments?post=15499"}],"wp:featuredmedia":[{"embeddable":true,"href":"https:\/\/www.appoloviracel.com.uy\/index.php\/wp-json\/wp\/v2\/media\/15500"}],"wp:attachment":[{"href":"https:\/\/www.appoloviracel.com.uy\/index.php\/wp-json\/wp\/v2\/media?parent=15499"}],"curies":[{"name":"wp","href":"https:\/\/api.w.org\/{rel}","templated":true}]}}