{"id":15360,"date":"2022-05-19T00:36:13","date_gmt":"2022-05-19T03:36:13","guid":{"rendered":"https:\/\/www.appoloviracel.com.uy\/?post_type=product&#038;p=15360"},"modified":"2022-08-19T00:32:42","modified_gmt":"2022-08-19T03:32:42","slug":"celular-xiaomi-redmi-9a-64gb-4gb","status":"publish","type":"product","link":"https:\/\/www.appoloviracel.com.uy\/index.php\/product\/celular-xiaomi-redmi-9a-64gb-4gb\/","title":{"rendered":"Celular Xiaomi \u00abRedmi 9A\u00bb (64Gb-4Gb)"},"content":{"rendered":"<h4>Caracter\u00edsticas y especificaciones:<\/h4>\n<p>El <strong>Xiaomi Redmi 9A<\/strong> cuenta con una pantalla HD+ de 6.53 pulgadas. Potenciado por un procesador Helio G25 de Mediatek, el Redmi 9A tiene 2GB de memoria RAM y 32GB de espacio de almacenamiento interno expandible v\u00eda microSD. La c\u00e1mara posterior del Redmi 9A es simple, con un solo lente de 13 megapixels, mientras que la c\u00e1mara frontal es de 5 megapixels. La bater\u00eda es de 5000 mAh, y corre MIUI 12 con Android 10.<\/p>\n<ul>\n<li>Marca: Xiaomi<\/li>\n<li>Modelo: Redmi 9A<\/li>\n<li>Procesador: Mediatek Helio G25 2GHz<\/li>\n<li>Sistema Operativo: Android 10<\/li>\n<li>SIM: Nano-SIM; Dual SIM<\/li>\n<li>Radio FM: Si<\/li>\n<li>Conector Audio: 3.5mm<\/li>\n<li>Color: Green<\/li>\n<li>Contenido de la caja<\/li>\n<li>Cargador, cable de datos<\/li>\n<li>Libre: SI<\/li>\n<li>Estado de Bateria: 100<\/li>\n<li>Estado: Nuevo<\/li>\n<li>Redes: Red 2G; GSM 850 900 1800 1900; Red 3G; HSPA 850 900 2100; Red 4G; LTE 700, LTE 800, LTE 850, LTE 900, LTE 1700, LTE 1800, LTE 1900, LTE 2100, LTE 2300, LTE 2500, LTE 2600<\/li>\n<li>Pantalla: Tama\u00f1o Pantalla: 6.53&#8243;<\/li>\n<li>Resoluci\u00f3n: 720 * 1600 p\u00edxeles<\/li>\n<li>Pantalla Tactil_ IPS LCD capacitiva, 16M colores<\/li>\n<li>Conectividad: Bluetooth; Wifi; GPS; Micro-usb<\/li>\n<li>C\u00e1mara Selfie: 5 MP (f2.2)<\/li>\n<li>C\u00e1mara Principal: 13 MP<\/li>\n<li>Video: 1080p &#8211; 30fps<\/li>\n<li><strong>Pantalla: 6.53&#8243;, 720 * 1600 pixels<\/strong><\/li>\n<li><strong>Procesador: Mediatek Helio G25 2GHz<\/strong><\/li>\n<li><strong>RAM: 4GB<\/strong><\/li>\n<li><strong>Almacenamiento: 64GB<\/strong><\/li>\n<li><strong>Expansi\u00f3n: microSD <\/strong><\/li>\n<li><strong>C\u00e1mara: 13 MP<\/strong><\/li>\n<li><strong>Bater\u00eda: 5000 mAh<\/strong><\/li>\n<li><strong>OS: Android 10<\/strong><\/li>\n<li><strong>Perfil: 9 mm<\/strong><\/li>\n<li><strong>Peso: 194 g <\/strong><\/li>\n<li>Se incluyen los siguientes accesorios: <strong>Cargador y Manual <\/strong><\/li>\n<li><strong>Garant\u00eda:<\/strong> 12 meses contra defecto de fabricaci\u00f3n<\/li>\n<\/ul>\n<p>&nbsp;<\/p>\n<h4><span style=\"color: #ff0000;\"><strong>Contado efectivo: 10% de Descuento<\/strong><\/span><\/h4>\n<h5><strong>*Las im\u00e1genes son a modo ilustrativo.<\/strong><\/h5>\n","protected":false},"excerpt":{"rendered":"<h3><span style=\"color: #339966;\"><strong>U$S 195<\/strong><\/span><\/h3>\n","protected":false},"featured_media":15361,"comment_status":"open","ping_status":"closed","template":"","meta":[],"_links":{"self":[{"href":"https:\/\/www.appoloviracel.com.uy\/index.php\/wp-json\/wp\/v2\/product\/15360"}],"collection":[{"href":"https:\/\/www.appoloviracel.com.uy\/index.php\/wp-json\/wp\/v2\/product"}],"about":[{"href":"https:\/\/www.appoloviracel.com.uy\/index.php\/wp-json\/wp\/v2\/types\/product"}],"replies":[{"embeddable":true,"href":"https:\/\/www.appoloviracel.com.uy\/index.php\/wp-json\/wp\/v2\/comments?post=15360"}],"wp:featuredmedia":[{"embeddable":true,"href":"https:\/\/www.appoloviracel.com.uy\/index.php\/wp-json\/wp\/v2\/media\/15361"}],"wp:attachment":[{"href":"https:\/\/www.appoloviracel.com.uy\/index.php\/wp-json\/wp\/v2\/media?parent=15360"}],"curies":[{"name":"wp","href":"https:\/\/api.w.org\/{rel}","templated":true}]}}