{"id":15292,"date":"2022-05-17T23:22:58","date_gmt":"2022-05-18T02:22:58","guid":{"rendered":"https:\/\/www.appoloviracel.com.uy\/?post_type=product&#038;p=15292"},"modified":"2022-08-17T18:44:36","modified_gmt":"2022-08-17T21:44:36","slug":"smartwatch-kieslect-lady-watch-ii","status":"publish","type":"product","link":"https:\/\/www.appoloviracel.com.uy\/index.php\/product\/smartwatch-kieslect-lady-watch-ii\/","title":{"rendered":"Smartwatch Kieslect \u00abLady Watch II\u00bb"},"content":{"rendered":"<h4>Caracter\u00edsticas y especificaciones:<\/h4>\n<p><strong>Modelo: Lady<\/strong><\/p>\n<ul>\n<li>Pantalla t\u00e1ctil de c\u00edrculo completo de 1,09 pulgadas, esfera de lujo con luz din\u00e1mica<\/li>\n<li>Cuerpo de aleaci\u00f3n de aluminio, proceso de oxidaci\u00f3n an\u00f3dica, nunca se desvanece, correa exclusiva personalizada que no da\u00f1a la piel, flexible y delicada.<\/li>\n<li>Contraportada IML, artesan\u00eda extrema<\/li>\n<li>Elecci\u00f3n libre de una variedad de diales, pulsador de dial compatible, diales personalizados<\/li>\n<\/ul>\n<ul>\n<li><strong>Malla: met\u00e1lica color dorado.<\/strong><\/li>\n<li><strong>Panatalla: color touch de 1.09 c\u00edrculo completo con luz din\u00e1mica 240 x 240 pixeles.<\/strong><\/li>\n<li><strong>Cuerpo de aleaci\u00f3n de aluminio anodizado, never fade.<\/strong><\/li>\n<li><strong>Malla flexible y delicada, amigable con la piel de 18mm de ancho x 240mm largo.<\/strong><\/li>\n<li><strong>Sensor de ritmo card\u00edaco VC32S con monitoreo 24 horas.<\/strong><\/li>\n<li><strong>Medici\u00f3n de ox\u00edgeno por SpO2.<\/strong><\/li>\n<li><strong>A prueba de agua. Factor de protecci\u00f3n IP68*.<\/strong><\/li>\n<li><strong>Conectividad mediante Bluetooth 5.0.<\/strong><\/li>\n<li><strong>Bater\u00eda de litio de 180mAh.<\/strong><\/li>\n<li><strong>Tiempo de uso: 3-5 d\u00edas. Tiempo en Standby: 28 d\u00edas.<\/strong><\/li>\n<li><strong>Compatible con Android 5.0 o iOS 9.0 en adelante.<\/strong><\/li>\n<li><strong>Dimensiones: 40mm de d\u00edametro. 11mm de espesor.<\/strong><\/li>\n<li><strong>Garant\u00eda<\/strong>: 6 meses contra defecto de fabricaci\u00f3n<\/li>\n<\/ul>\n<h4><\/h4>\n<h4><span style=\"color: #ff0000;\"><strong>* La garant\u00eda no cubre falla que se pueda dar por un uso intensivo.<\/strong><\/span><\/h4>\n<p><strong>\u00a0<\/strong><\/p>\n<h5><strong>*Las im\u00e1genes son a modo ilustrativo.<\/strong><\/h5>\n<p>&nbsp;<\/p>\n","protected":false},"excerpt":{"rendered":"<h3><span style=\"color: #339966;\"><strong>U$S 75<\/strong><\/span><\/h3>\n","protected":false},"featured_media":15293,"comment_status":"open","ping_status":"closed","template":"","meta":[],"_links":{"self":[{"href":"https:\/\/www.appoloviracel.com.uy\/index.php\/wp-json\/wp\/v2\/product\/15292"}],"collection":[{"href":"https:\/\/www.appoloviracel.com.uy\/index.php\/wp-json\/wp\/v2\/product"}],"about":[{"href":"https:\/\/www.appoloviracel.com.uy\/index.php\/wp-json\/wp\/v2\/types\/product"}],"replies":[{"embeddable":true,"href":"https:\/\/www.appoloviracel.com.uy\/index.php\/wp-json\/wp\/v2\/comments?post=15292"}],"wp:featuredmedia":[{"embeddable":true,"href":"https:\/\/www.appoloviracel.com.uy\/index.php\/wp-json\/wp\/v2\/media\/15293"}],"wp:attachment":[{"href":"https:\/\/www.appoloviracel.com.uy\/index.php\/wp-json\/wp\/v2\/media?parent=15292"}],"curies":[{"name":"wp","href":"https:\/\/api.w.org\/{rel}","templated":true}]}}