{"id":15084,"date":"2022-05-14T21:59:39","date_gmt":"2022-05-15T00:59:39","guid":{"rendered":"https:\/\/www.appoloviracel.com.uy\/?post_type=product&#038;p=15084"},"modified":"2022-08-15T22:18:09","modified_gmt":"2022-08-16T01:18:09","slug":"smartwatch-kieslect-k10","status":"publish","type":"product","link":"https:\/\/www.appoloviracel.com.uy\/index.php\/product\/smartwatch-kieslect-k10\/","title":{"rendered":"Smartwatch Kieslect \u00abK10\u00bb"},"content":{"rendered":"<h4>Caracter\u00edsticas y especificaciones:<\/h4>\n<ul>\n<li><strong>Reloj inteligente Kieslect K10<\/strong><\/li>\n<li><strong>Bluetooth 5.0<\/strong><\/li>\n<li><strong>30 d\u00edas de duraci\u00f3n de la bater\u00eda<\/strong><\/li>\n<li><strong>Soporte de aplicaciones<\/strong><\/li>\n<li><strong>Bater\u00eda de 30 d\u00edas de duraci\u00f3n<\/strong><\/li>\n<li><strong>Pantalla semi-AMOLED de 1,32\u00bb<\/strong><\/li>\n<li><strong>13 modos de deporte<\/strong><\/li>\n<li><strong>Seguimiento de sp02<\/strong><\/li>\n<li><strong>Monitorizaci\u00f3n de frecuencia card\u00edaca<\/strong><\/li>\n<li><strong>Monitorizaci\u00f3n de ox\u00edgeno en sangre<\/strong><\/li>\n<li><strong>Resistencia al agua IP68<\/strong><\/li>\n<li><strong>Compatible con aplicaciones<\/strong><\/li>\n<li><strong>Garant\u00eda<\/strong>: 6 meses contra defecto de fabricaci\u00f3n<\/li>\n<\/ul>\n<h4><\/h4>\n<h4><span style=\"color: #ff0000;\"><strong>* La garant\u00eda no cubre falla que se pueda dar por un uso intensivo.<\/strong><\/span><\/h4>\n<p><strong>\u00a0<\/strong><\/p>\n","protected":false},"excerpt":{"rendered":"<h3><span style=\"color: #339966;\"><strong>U$S 65<\/strong><\/span><\/h3>\n","protected":false},"featured_media":15085,"comment_status":"open","ping_status":"closed","template":"","meta":[],"_links":{"self":[{"href":"https:\/\/www.appoloviracel.com.uy\/index.php\/wp-json\/wp\/v2\/product\/15084"}],"collection":[{"href":"https:\/\/www.appoloviracel.com.uy\/index.php\/wp-json\/wp\/v2\/product"}],"about":[{"href":"https:\/\/www.appoloviracel.com.uy\/index.php\/wp-json\/wp\/v2\/types\/product"}],"replies":[{"embeddable":true,"href":"https:\/\/www.appoloviracel.com.uy\/index.php\/wp-json\/wp\/v2\/comments?post=15084"}],"wp:featuredmedia":[{"embeddable":true,"href":"https:\/\/www.appoloviracel.com.uy\/index.php\/wp-json\/wp\/v2\/media\/15085"}],"wp:attachment":[{"href":"https:\/\/www.appoloviracel.com.uy\/index.php\/wp-json\/wp\/v2\/media?parent=15084"}],"curies":[{"name":"wp","href":"https:\/\/api.w.org\/{rel}","templated":true}]}}