{"id":14964,"date":"2022-05-12T20:26:21","date_gmt":"2022-05-12T23:26:21","guid":{"rendered":"https:\/\/www.appoloviracel.com.uy\/?post_type=product&#038;p=14964"},"modified":"2022-07-23T13:16:21","modified_gmt":"2022-07-23T16:16:21","slug":"mouse-fantech-vx7-gaming-black","status":"publish","type":"product","link":"https:\/\/www.appoloviracel.com.uy\/index.php\/product\/mouse-fantech-vx7-gaming-black\/","title":{"rendered":"Mouse Fantech \u00abVX7\u00bb Gaming Black"},"content":{"rendered":"<h4>Caracter\u00edsticas y especificaciones:<\/h4>\n<h4>MOUSE RGB PARA JUEGOS<\/h4>\n<p>Sensor \u00f3ptico instant\u00e1neo Aceleraci\u00f3n de hasta 60 IPS \/ 15G DPI ajustable sobre la marcha 200-8,000 DPI LED de 4 colores con seis (6) botones programables independientemente<\/p>\n<ul>\n<li>Sensor \u00f3ptico instant\u00e1neo<\/li>\n<li>Aceleraci\u00f3n de hasta 60 IPS \/ 15G<\/li>\n<li>DPI ajustable sobre la marcha 200-8,000 DPI<\/li>\n<li>Tasa de sondeo de 125Hz<\/li>\n<li>10 millones de clics de por vida<\/li>\n<li>LED de 4 colores<\/li>\n<li>Seis botones programables independientemente<\/li>\n<li>Cable USB trenzado de nailon de 1,8 m<\/li>\n<li>Tama\u00f1o: 128 mm * 68 mm * 41 mm<\/li>\n<\/ul>\n<h5><\/h5>\n<h5><strong>*Las im\u00e1genes son a modo ilustrativo.<\/strong><\/h5>\n","protected":false},"excerpt":{"rendered":"<h3><span style=\"color: #339966;\"><strong>$ 8<\/strong>50<\/span><\/h3>\n","protected":false},"featured_media":14965,"comment_status":"open","ping_status":"closed","template":"","meta":[],"_links":{"self":[{"href":"https:\/\/www.appoloviracel.com.uy\/index.php\/wp-json\/wp\/v2\/product\/14964"}],"collection":[{"href":"https:\/\/www.appoloviracel.com.uy\/index.php\/wp-json\/wp\/v2\/product"}],"about":[{"href":"https:\/\/www.appoloviracel.com.uy\/index.php\/wp-json\/wp\/v2\/types\/product"}],"replies":[{"embeddable":true,"href":"https:\/\/www.appoloviracel.com.uy\/index.php\/wp-json\/wp\/v2\/comments?post=14964"}],"wp:featuredmedia":[{"embeddable":true,"href":"https:\/\/www.appoloviracel.com.uy\/index.php\/wp-json\/wp\/v2\/media\/14965"}],"wp:attachment":[{"href":"https:\/\/www.appoloviracel.com.uy\/index.php\/wp-json\/wp\/v2\/media?parent=14964"}],"curies":[{"name":"wp","href":"https:\/\/api.w.org\/{rel}","templated":true}]}}