{"id":1486,"date":"2020-11-11T19:35:09","date_gmt":"2020-11-11T22:35:09","guid":{"rendered":"https:\/\/www.appoloviracel.com.uy\/?post_type=product&#038;p=1486"},"modified":"2021-04-25T21:05:30","modified_gmt":"2021-04-26T00:05:30","slug":"cargador-joyroom-inalambrico-1a-jr-a12","status":"publish","type":"product","link":"https:\/\/www.appoloviracel.com.uy\/index.php\/product\/cargador-joyroom-inalambrico-1a-jr-a12\/","title":{"rendered":"Cargador JOYROOM \u00abJR-A12\u00bb Inal\u00e1mbrico (1A)"},"content":{"rendered":"<h4>Caracter\u00edsticas y especificaciones:<\/h4>\n<p>Cargador inal\u00e1mbrico port\u00e1til inal\u00e1mbrico JOYROOM, cargador USB , JR-A12 Mini Pad carga r\u00e1pida inal\u00e1mbrico &#8211; (Pad Alfombrilla) de 5 W, para el iPhone Samsung Xiaomi<\/p>\n<ul>\n<li><strong>Voltaje de entrada: <\/strong>DC 5V\/1.5A (MAX 2.0A)<\/li>\n<li><strong>Voltaje de salida:<\/strong> 5V\/1A.<\/li>\n<li><strong>Fuente de alimentaci\u00f3n: <\/strong>5W<\/li>\n<li><strong>Distancia de trabajo:<\/strong> 2-8mm<\/li>\n<li><strong>Peso:<\/strong> 48grs.<\/li>\n<\/ul>\n<p>&nbsp;<\/p>\n<h5><strong>*Las im\u00e1genes son a modo ilustrativo.<\/strong><\/h5>\n","protected":false},"excerpt":{"rendered":"<h3><span style=\"color: #339966;\">$ 590<\/span><\/h3>\n","protected":false},"featured_media":1487,"comment_status":"open","ping_status":"closed","template":"","meta":[],"_links":{"self":[{"href":"https:\/\/www.appoloviracel.com.uy\/index.php\/wp-json\/wp\/v2\/product\/1486"}],"collection":[{"href":"https:\/\/www.appoloviracel.com.uy\/index.php\/wp-json\/wp\/v2\/product"}],"about":[{"href":"https:\/\/www.appoloviracel.com.uy\/index.php\/wp-json\/wp\/v2\/types\/product"}],"replies":[{"embeddable":true,"href":"https:\/\/www.appoloviracel.com.uy\/index.php\/wp-json\/wp\/v2\/comments?post=1486"}],"wp:featuredmedia":[{"embeddable":true,"href":"https:\/\/www.appoloviracel.com.uy\/index.php\/wp-json\/wp\/v2\/media\/1487"}],"wp:attachment":[{"href":"https:\/\/www.appoloviracel.com.uy\/index.php\/wp-json\/wp\/v2\/media?parent=1486"}],"curies":[{"name":"wp","href":"https:\/\/api.w.org\/{rel}","templated":true}]}}