{"id":1456,"date":"2020-11-11T09:25:59","date_gmt":"2020-11-11T12:25:59","guid":{"rendered":"https:\/\/www.appoloviracel.com.uy\/?post_type=product&#038;p=1456"},"modified":"2021-04-25T20:55:34","modified_gmt":"2021-04-25T23:55:34","slug":"cargador-somostel-pd-de-pared-18w-cable-tipo-c-a-lightning-a71","status":"publish","type":"product","link":"https:\/\/www.appoloviracel.com.uy\/index.php\/product\/cargador-somostel-pd-de-pared-18w-cable-tipo-c-a-lightning-a71\/","title":{"rendered":"Cargador Somostel \u00abA71\u00bb PD para Pared + Cable Tipo-C a Lightning (18w)"},"content":{"rendered":"<h4>Caracter\u00edsticas y especificaciones:<\/h4>\n<p>USB Power Delivery es una tecnolog\u00eda de carga r\u00e1pida compatible con determinados dispositivos iOS\/Apple y Android\/Google que ofrece niveles mucho m\u00e1s altos de potencia que la carga est\u00e1ndar.<\/p>\n<h4><strong>VENTAJAS DEL USB POWER DELIVERY \/ PD<\/strong><\/h4>\n<p><strong>VELOCIDAD: USB-PD<\/strong> puede cargar tu dispositivo hasta un 70\u00a0% m\u00e1s r\u00e1pido que la carga est\u00e1ndar de 5\u00a0W*. Esto significa menos tiempo enchufado para que tu smartphone alcance un 100\u00a0% de carga. Si lo que necesitas urgentemente es cargar un poco la bater\u00eda, 10 minutos con USB-PD pueden ser suficientes.<\/p>\n<p><strong>POTENCIA:<\/strong> Se trate de un tel\u00e9fono peque\u00f1o o de un port\u00e1til grande, el cargador USB-PD detecta el dispositivo conectado para suministrar la cantidad exacta de potencia necesaria para cargarlo lo m\u00e1s r\u00e1pido posible. Esto garantiza una carga r\u00e1pida sin proporcionar demasiada potencia, lo que podr\u00eda da\u00f1ar la circuiter\u00eda.<\/p>\n<p><strong>SEGURIDAD:<\/strong> Los conectores USB-C se han dise\u00f1ado con Power Delivery en mente para manejar estos nuevos y altos niveles de potencia. Las placas de circuitos del USB-C est\u00e1n especialmente dise\u00f1adas para soportar esta mayor potencia sin da\u00f1arse ni sobrecalentarse, lo que aumenta la seguridad de los usuarios y sus dispositivos.<\/p>\n<ul>\n<li>USB PD 18W<\/li>\n<li>Cable Tipo-C a Lightning ( iPhone )<\/li>\n<\/ul>\n<p>&nbsp;<\/p>\n<h5><strong>*Las im\u00e1genes son a modo ilustrativo.<\/strong><\/h5>\n","protected":false},"excerpt":{"rendered":"<h3><span style=\"color: #339966;\">$ 600<\/span><\/h3>\n","protected":false},"featured_media":1457,"comment_status":"open","ping_status":"closed","template":"","meta":[],"_links":{"self":[{"href":"https:\/\/www.appoloviracel.com.uy\/index.php\/wp-json\/wp\/v2\/product\/1456"}],"collection":[{"href":"https:\/\/www.appoloviracel.com.uy\/index.php\/wp-json\/wp\/v2\/product"}],"about":[{"href":"https:\/\/www.appoloviracel.com.uy\/index.php\/wp-json\/wp\/v2\/types\/product"}],"replies":[{"embeddable":true,"href":"https:\/\/www.appoloviracel.com.uy\/index.php\/wp-json\/wp\/v2\/comments?post=1456"}],"wp:featuredmedia":[{"embeddable":true,"href":"https:\/\/www.appoloviracel.com.uy\/index.php\/wp-json\/wp\/v2\/media\/1457"}],"wp:attachment":[{"href":"https:\/\/www.appoloviracel.com.uy\/index.php\/wp-json\/wp\/v2\/media?parent=1456"}],"curies":[{"name":"wp","href":"https:\/\/api.w.org\/{rel}","templated":true}]}}