{"id":14549,"date":"2022-05-05T20:34:05","date_gmt":"2022-05-05T23:34:05","guid":{"rendered":"https:\/\/www.appoloviracel.com.uy\/?post_type=product&#038;p=14549"},"modified":"2023-05-14T12:20:38","modified_gmt":"2023-05-14T15:20:38","slug":"smartwatch-xiaomi-haylou-ls05s","status":"publish","type":"product","link":"https:\/\/www.appoloviracel.com.uy\/index.php\/product\/smartwatch-xiaomi-haylou-ls05s\/","title":{"rendered":"Smartwatch Xiaomi \u00abHaylou LS05 S\u00bb"},"content":{"rendered":"<h4>Caracter\u00edsticas y especificaciones:<\/h4>\n<p>Este smartwatch Haylou RT LS05S cumple con las expectativas de todos. La alta resistencia al agua permite usarlo durante el entrenamiento intenso o el lavado de manos. Una amplia gama de deportes te permiten personalizar tus entrenamientos, el monitoreo del sue\u00f1o y la frecuencia card\u00edaca las 24 horas brindan informaci\u00f3n b\u00e1sica de salud. Adem\u00e1s la bater\u00eda puede durar hasta 20 d\u00edas.<\/p>\n<h4>Dise\u00f1o curvo que se ajusta a la mu\u00f1eca<\/h4>\n<p>M\u00e1s c\u00f3modo y elegante. El dise\u00f1o curvo se adapta perfectamente a la estructura de la mu\u00f1eca. Es muy c\u00f3modo y elegante de usar con una correa de silicona transpirable resistente al sudor y al polvo. La pantalla a color HD de 1,28 pulgadas muestra detalles claros desde todos los \u00e1ngulos.<\/p>\n<ul>\n<li>Dise\u00f1o curvo<\/li>\n<li>Pantalla TFT de 1.28&#8243;<\/li>\n<li>Correa de silicona<\/li>\n<\/ul>\n<h4><\/h4>\n<h4>Reemplazo de car\u00e1tula<\/h4>\n<p>Vos defin\u00eds quien sos. Cambi\u00e1 el estilo de la esfera de acuerdo con el estado de \u00e1nimo y us\u00e1 un estilo moderno, deportivo, lindo o formal. Renovate cada d\u00eda y mostr\u00e1 tu estilo. Utiliz\u00e1 la aplicaci\u00f3n Haylou Fun para cambiar el dial, y los estilos de dial se actualizan continuamente.<\/p>\n<h4>Varios modos deportivos<\/h4>\n<p>Pr\u00e1ctico y completo. Haylou RT LS05S admite 12 modos de deporte, entendiendo todos los deportes que te gustan. Mir\u00e1 datos de ejercicio en tiempo real al levantar la mano, realiz\u00e1 un seguimiento de tu estado f\u00edsico en cualquier momento y s\u00e9 testigo de cada uno de tus avances.<\/p>\n<h4>Bater\u00eda de larga duraci\u00f3n<\/h4>\n<p>Bajo consumo de energ\u00eda. Una sola carga te brinda dos semanas de bater\u00eda de larga duraci\u00f3n, por lo que tiene suficiente energ\u00eda para tu entrenamiento y tus viajes cotidianos.<\/p>\n<h4>Peque\u00f1os objetivo todos los d\u00edas<\/h4>\n<p>Mantenete saludable y fresco. El sensor de movimiento preciso captura con precisi\u00f3n cada estado de ejercicio, pasos diarios, distancia de ejercicio, consumo de calor\u00edas y otros objetivos.<\/p>\n<h4>Compa\u00f1\u00eda todo el d\u00eda<\/h4>\n<p>Administrador de salud en la mu\u00f1eca. Haylou RT LS05S puede reflejar tu condici\u00f3n f\u00edsica con mayor precisi\u00f3n y brindarte un cuidado meticuloso durante todo el d\u00eda con la nueva generaci\u00f3n del sensor de frecuencia card\u00edaca.<\/p>\n<h4>Monitoreo de frecuencia card\u00edaca las 24 horas.<\/h4>\n<p>Controla la frecuencia card\u00edaca durante 24 horas, lo que te permitir\u00e1 detectar cada peque\u00f1o cambio en tu cuerpo. Guarda autom\u00e1ticamente la curva de frecuencia card\u00edaca de una semana. Todos los detalles de salud diarios a tu alcance.<\/p>\n<h4>Monitoreo autom\u00e1tico del sue\u00f1o<\/h4>\n<p>Reconoce autom\u00e1ticamente tu estado de sue\u00f1o, registra el tiempo y la etapa del sue\u00f1o, cuantifica los detalles del sue\u00f1o y te ayuda a desarrollar h\u00e1bitos de sue\u00f1o m\u00e1s saludables.<\/p>\n<p>* Los datos de seguimiento y los resultados son solo para referencia, no para diagn\u00f3stico y tratamiento.<\/p>\n<h4>Recordatorio de sedentarismo<\/h4>\n<p>Animate a reducir el sedentarismo sentado, levantate y relajate o estir\u00e1 la cintura para mantener tu mente y cuerpo en las mejores condiciones.<\/p>\n<p>IP68 a prueba de polvo y agua<\/p>\n<h4>Ejercicio m\u00e1s libre<\/h4>\n<p>Haylou RT LS05S es resistente al agua y al polvo IP68. Trata eficazmente el sudor o las duchas y satisface las necesidades diarias, haciendo de las salpicaduras de agua el mejor compa\u00f1ero de juegos para los deportes y la vida.<\/p>\n<p>* Puede satisfacer las necesidades diarias de impermeabilidad de sudoraci\u00f3n, lluvia, lavado, etc. No es compatible con el surf, el sauna y el buceo. Despu\u00e9s de rociar, limpie las manchas de agua antes de operar para mantener la vida \u00fatil del reloj.<\/p>\n<h4>Recordatorio de mensaje<\/h4>\n<p>Sincroniza el env\u00edo de mensajes del tel\u00e9fono y admite recordatorios de llamadas entrantes, mensajes, correos electr\u00f3nicos y aplicaciones sociales<\/p>\n<h4>Control de la m\u00fasica<\/h4>\n<p>Conect\u00e1 el tel\u00e9fono m\u00f3vil y us\u00e1 el reloj para controlar la reproducci\u00f3n de m\u00fasica, pausar, cambiar de canci\u00f3n, etc.<\/p>\n<h4>Buscar tel\u00e9fono<\/h4>\n<p>Llama al tel\u00e9fono con una tecla y el mismo responde con un tono de aviso, lo que te ayuda a encontrarlo r\u00e1pidamente.<\/p>\n<h4>Entrenamiento respiratorio<\/h4>\n<p>Segu\u00ed el ritmo del reloj para ajustar la respiraci\u00f3n, liberar la presi\u00f3n y equilibrar tu estado a tiempo.<\/p>\n<ol>\n<li><strong>Modelo: RT (LS05S)<\/strong><\/li>\n<li><strong>Pantalla t\u00e1ctil TFT LCD de 1.28&#8243; 240 x 240 px<\/strong><\/li>\n<li><strong>Bluetooth 5.0<\/strong><\/li>\n<li><strong>Sensor de frecuencia card\u00edaca y aceler\u00f3metro<\/strong><\/li>\n<li><strong>Resistente al agua y polvo. Factor de protecci\u00f3n IP68<\/strong><\/li>\n<li><strong>12 modos de deporte<\/strong><\/li>\n<li><strong>Bater\u00eda de 300mAh. Hasta 20 d\u00edas de autonom\u00eda dependiendo de uso<\/strong><\/li>\n<li><strong>Sistemas operativos compatibles: Android 6.0 o iOS 10.0 (o superiores)<\/strong><\/li>\n<li><strong>Medidas: 4.55 * 5.12 * 1.24 cm<\/strong><\/li>\n<li><strong>Tama\u00f1o de la correa: 22 mm<\/strong><\/li>\n<li><strong>Peso: 50.4gramos<\/strong><\/li>\n<li><strong>Garant\u00eda<\/strong>: 6 meses contra defecto de fabricaci\u00f3n<\/li>\n<\/ol>\n<h4><\/h4>\n<h4><strong>* La garant\u00eda no cubre falla que se pueda dar por un uso intensivo.<\/strong><\/h4>\n<h5><strong>\u00a0<\/strong><strong>*Las im\u00e1genes son a modo ilustrativo.<\/strong><\/h5>\n","protected":false},"excerpt":{"rendered":"<h3><span style=\"color: #339966;\"><strong>U$S 75<\/strong><\/span><\/h3>\n","protected":false},"featured_media":14550,"comment_status":"open","ping_status":"closed","template":"","meta":[],"_links":{"self":[{"href":"https:\/\/www.appoloviracel.com.uy\/index.php\/wp-json\/wp\/v2\/product\/14549"}],"collection":[{"href":"https:\/\/www.appoloviracel.com.uy\/index.php\/wp-json\/wp\/v2\/product"}],"about":[{"href":"https:\/\/www.appoloviracel.com.uy\/index.php\/wp-json\/wp\/v2\/types\/product"}],"replies":[{"embeddable":true,"href":"https:\/\/www.appoloviracel.com.uy\/index.php\/wp-json\/wp\/v2\/comments?post=14549"}],"wp:featuredmedia":[{"embeddable":true,"href":"https:\/\/www.appoloviracel.com.uy\/index.php\/wp-json\/wp\/v2\/media\/14550"}],"wp:attachment":[{"href":"https:\/\/www.appoloviracel.com.uy\/index.php\/wp-json\/wp\/v2\/media?parent=14549"}],"curies":[{"name":"wp","href":"https:\/\/api.w.org\/{rel}","templated":true}]}}