{"id":14525,"date":"2022-05-04T15:48:25","date_gmt":"2022-05-04T18:48:25","guid":{"rendered":"https:\/\/www.appoloviracel.com.uy\/?post_type=product&#038;p=14525"},"modified":"2023-03-29T10:12:29","modified_gmt":"2023-03-29T13:12:29","slug":"celular-xiaomi-redmi-10c-128gb-4gb","status":"publish","type":"product","link":"https:\/\/www.appoloviracel.com.uy\/index.php\/product\/celular-xiaomi-redmi-10c-128gb-4gb\/","title":{"rendered":"Celular Xiaomi \u00abRedmi 10c\u00bb (128Gb-4Gb)"},"content":{"rendered":"<h4>Caracter\u00edsticas y especificaciones:<strong>\u00a0<\/strong><\/h4>\n<h4><span style=\"color: #ff0000;\"><strong>Apto para LTE de todas las compa\u00f1\u00edas.<\/strong><\/span><\/h4>\n<p>Esta nueva propuesta de gama de entrada <strong>mantiene algunas prestaciones de su antecesor<\/strong>, como la gran bater\u00eda y la c\u00e1mara frontal, pero tambi\u00e9n mejora otras, como el procesador, que ahora es el <a href=\"https:\/\/www.xatakamovil.com\/procesadores\/nuevos-qualcomm-snapdragon-480-5g-snapdragon-680-4g-snapdragon-695-5g-snapdragon-778g-5g-renovacion-gamas-medias-bajas\">Snapdragon 680<\/a> de Qualcomm. Otra diferencia importante la tenemos en la c\u00e1mara trasera, que pierde una lente, pero gana en resoluci\u00f3n.<\/p>\n<ul>\n<li>Pantalla: LCD 6,71 pulgadas; Resoluci\u00f3n HD+ (1.650 * 720 p\u00edxeles)<\/li>\n<li>Dimensiones: 169,59 * 76,56 * 8,29 mm<\/li>\n<li>Peso: 190 grs<\/li>\n<li>Procesador: Snapdragon 680<\/li>\n<li>RAM: 4 GB LPDDR4X<\/li>\n<li>Almacenamiento: 128 GB UFS 2.2 + microSD hasta 1 TB<\/li>\n<li>C\u00e1mara frontal: 5 MP f\/2.2<\/li>\n<li>C\u00e1mara trasera: Principal: 50 MP f\/1.8; Profundidad: 2 MP f\/2.4<\/li>\n<li>Bater\u00eda: 5.000 mAh; Carga r\u00e1pida 18 W<\/li>\n<li>Sistema operativo: Android 11; MIUI 13<\/li>\n<li>Conectividad: Dual SIM 4G, WiFi ac, Bluetooth 5.0, NFC, USB-C, jack 3,5 mm<\/li>\n<li>Otros: Lector de huellas trasero<\/li>\n<li>Se incluyen los siguientes accesorios: <strong>Cargador y Manual<\/strong><\/li>\n<li><strong>Garant\u00eda:<\/strong> 12 meses contra defecto de fabricaci\u00f3n<\/li>\n<\/ul>\n<h4><\/h4>\n<h4><span style=\"color: #ff0000;\"><strong>Contado efectivo: 10% de Descuento<\/strong><\/span><\/h4>\n<h5><strong>*Las im\u00e1genes son a modo ilustrativo.<\/strong><\/h5>\n","protected":false},"excerpt":{"rendered":"<h3><span style=\"color: #339966;\"><strong>U$S 225<\/strong><\/span><\/h3>\n","protected":false},"featured_media":14526,"comment_status":"open","ping_status":"closed","template":"","meta":[],"_links":{"self":[{"href":"https:\/\/www.appoloviracel.com.uy\/index.php\/wp-json\/wp\/v2\/product\/14525"}],"collection":[{"href":"https:\/\/www.appoloviracel.com.uy\/index.php\/wp-json\/wp\/v2\/product"}],"about":[{"href":"https:\/\/www.appoloviracel.com.uy\/index.php\/wp-json\/wp\/v2\/types\/product"}],"replies":[{"embeddable":true,"href":"https:\/\/www.appoloviracel.com.uy\/index.php\/wp-json\/wp\/v2\/comments?post=14525"}],"wp:featuredmedia":[{"embeddable":true,"href":"https:\/\/www.appoloviracel.com.uy\/index.php\/wp-json\/wp\/v2\/media\/14526"}],"wp:attachment":[{"href":"https:\/\/www.appoloviracel.com.uy\/index.php\/wp-json\/wp\/v2\/media?parent=14525"}],"curies":[{"name":"wp","href":"https:\/\/api.w.org\/{rel}","templated":true}]}}