{"id":1422,"date":"2020-11-11T09:01:03","date_gmt":"2020-11-11T12:01:03","guid":{"rendered":"https:\/\/www.appoloviracel.com.uy\/?post_type=product&#038;p=1422"},"modified":"2021-04-10T16:55:48","modified_gmt":"2021-04-10T19:55:48","slug":"adaptador-de-audio-para-iphone","status":"publish","type":"product","link":"https:\/\/www.appoloviracel.com.uy\/index.php\/product\/adaptador-de-audio-para-iphone\/","title":{"rendered":"Adaptador para iPhone, de Ligtning a 3.5mm"},"content":{"rendered":"<h4>Caracter\u00edsticas y especificaciones:<\/h4>\n<p>Permite conectar cualquier auricular o manos libres 3.5mm (Spica , Jack )\u00a0 a un dispositivo que tenga pase Lightning para audio.<\/p>\n<ul>\n<li><strong>Alta Calidad<\/strong> &#8211; El n\u00facleo de cable de cobre 100% ofrece una transmisi\u00f3n de se\u00f1al estable y de alta velocidad. La carcasa de oxidaci\u00f3n de aleaci\u00f3n de aluminio de alta calidad es m\u00e1s resistente al desgaste y la corrosi\u00f3n, mejora la capacidad anti interferente, material de alta calidad con un tratamiento de superficie de calidad, perfecto para todos los auriculares 3.5, alta fidelidad en la m\u00fasica, nuevas experiencias.<\/li>\n<li><strong>Sonido original<\/strong> &#8211; Interfaz de salida de audio de 3.5 mm, puede proporcionar sonido de alta definici\u00f3n. Tambi\u00e9n se puede aplicar al audio del hogar y al autom\u00f3vil. Hecho con material de alta calidad y duradero. El adaptador es muy peque\u00f1o, ligero y muy port\u00e1til. Puede ponerlo en su bolsa o bolsillo y disfrutar de su m\u00fasica favorita con su tel\u00e9fono en cualquier momento y en cualquier lugar.<\/li>\n<li><strong>No requiere software adicional<\/strong> &#8211; plug and play, no hay mensaje de error. El aluminio de alta calidad hace que la cubierta oxidada sea m\u00e1s resistente al desgaste y la corrosi\u00f3n y mejora la capacidad anti interferente. Utilice 100% de n\u00facleo de cobre para proporcionar una transmisi\u00f3n de se\u00f1al estable y de alta velocidad y una calidad de sonido digital sin p\u00e9rdidas. Soporta bajas emisiones de hasta 24 bits a 48 kHz.<\/li>\n<li><strong>Port\u00e1til y f\u00e1cil de usar<\/strong> &#8211; este adaptador le permite conectar dispositivos que utilizan una toma de audio de 3,5 mm a sus dispositivos de iluminaci\u00f3n. Simplemente conecte el adaptador al dispositivo, deje que el equipo del tel\u00e9fono reconozca el adaptador durante 3-5 segundos antes de reproducir m\u00fasica. Calidad de sonido regular, tama\u00f1o peque\u00f1o, adecuado para ejercicios, viajes cortos, etc.<\/li>\n<\/ul>\n<p>&nbsp;<\/p>\n<h5><strong>*Las im\u00e1genes son a modo ilustrativo.<\/strong><\/h5>\n","protected":false},"excerpt":{"rendered":"<h3><span style=\"color: #339966;\">$ 290<\/span><\/h3>\n","protected":false},"featured_media":1423,"comment_status":"open","ping_status":"closed","template":"","meta":[],"_links":{"self":[{"href":"https:\/\/www.appoloviracel.com.uy\/index.php\/wp-json\/wp\/v2\/product\/1422"}],"collection":[{"href":"https:\/\/www.appoloviracel.com.uy\/index.php\/wp-json\/wp\/v2\/product"}],"about":[{"href":"https:\/\/www.appoloviracel.com.uy\/index.php\/wp-json\/wp\/v2\/types\/product"}],"replies":[{"embeddable":true,"href":"https:\/\/www.appoloviracel.com.uy\/index.php\/wp-json\/wp\/v2\/comments?post=1422"}],"wp:featuredmedia":[{"embeddable":true,"href":"https:\/\/www.appoloviracel.com.uy\/index.php\/wp-json\/wp\/v2\/media\/1423"}],"wp:attachment":[{"href":"https:\/\/www.appoloviracel.com.uy\/index.php\/wp-json\/wp\/v2\/media?parent=1422"}],"curies":[{"name":"wp","href":"https:\/\/api.w.org\/{rel}","templated":true}]}}