{"id":1404,"date":"2020-11-09T20:20:20","date_gmt":"2020-11-09T23:20:20","guid":{"rendered":"https:\/\/www.appoloviracel.com.uy\/?post_type=product&#038;p=1404"},"modified":"2021-05-01T08:44:10","modified_gmt":"2021-05-01T11:44:10","slug":"cargador-coolreall-para-auto-doble-usb-fast-2-4a","status":"publish","type":"product","link":"https:\/\/www.appoloviracel.com.uy\/index.php\/product\/cargador-coolreall-para-auto-doble-usb-fast-2-4a\/","title":{"rendered":"Cargador COOLREALL, para Auto, Doble USB Fast (2.4A)"},"content":{"rendered":"<h4>Caracter\u00edsticas y especificaciones:<\/h4>\n<ul>\n<li>Cargador USB para auto con dos puertos USB para colocar cualquier cable puerto Fast \/ 2.4 A<\/li>\n<li><strong>Tecnolog\u00eda de carga adaptable Coolreall: <\/strong>El cargador de coche Coolreall con puertos USB duales detecta la corriente de entrada de los dispositivos conectados para maximizar la compatibilidad y la velocidad de carga de hasta 2,4 amperios por puerto o 4,8 amperios en general.<\/li>\n<li><strong>Dise\u00f1o Ultra compacto<\/strong>: El cargador de coche de doble puerto m\u00e1s potente con el tama\u00f1o peque\u00f1o (2,6*1,2*1 pulgadas) y una luz LED para la noche.<\/li>\n<li><strong>Seguridad garantizada<\/strong>: Admite CC 12 V\/24 V. Dise\u00f1o de Circuito sofisticado con protecci\u00f3n sobrecalentada, sobre corriente y sobrecarga.<\/li>\n<li><strong>Cargador Universal<\/strong>: \u00a12 adaptador de coche USB puede cargar su iPhone 7\/6\/5S iPad Ipod Samsung Galaxy Android tel\u00e9fonos tabletas MP3 jugadores c\u00e1maras digitales y m\u00e1s!<\/li>\n<li><strong>Contenido del paquete<\/strong>: 1 cargador de coche Coolreall 24 W con puertos duales, 1\u00a0 Manual de usuario<\/li>\n<\/ul>\n<p>&nbsp;<\/p>\n<h5><strong>*Las im\u00e1genes son a modo ilustrativo.<\/strong><\/h5>\n","protected":false},"excerpt":{"rendered":"<h3><span style=\"color: #339966;\">$ 290<\/span><\/h3>\n","protected":false},"featured_media":1405,"comment_status":"open","ping_status":"closed","template":"","meta":[],"_links":{"self":[{"href":"https:\/\/www.appoloviracel.com.uy\/index.php\/wp-json\/wp\/v2\/product\/1404"}],"collection":[{"href":"https:\/\/www.appoloviracel.com.uy\/index.php\/wp-json\/wp\/v2\/product"}],"about":[{"href":"https:\/\/www.appoloviracel.com.uy\/index.php\/wp-json\/wp\/v2\/types\/product"}],"replies":[{"embeddable":true,"href":"https:\/\/www.appoloviracel.com.uy\/index.php\/wp-json\/wp\/v2\/comments?post=1404"}],"wp:featuredmedia":[{"embeddable":true,"href":"https:\/\/www.appoloviracel.com.uy\/index.php\/wp-json\/wp\/v2\/media\/1405"}],"wp:attachment":[{"href":"https:\/\/www.appoloviracel.com.uy\/index.php\/wp-json\/wp\/v2\/media?parent=1404"}],"curies":[{"name":"wp","href":"https:\/\/api.w.org\/{rel}","templated":true}]}}