{"id":13989,"date":"2022-04-25T23:21:23","date_gmt":"2022-04-26T02:21:23","guid":{"rendered":"https:\/\/www.appoloviracel.com.uy\/?post_type=product&#038;p=13989"},"modified":"2022-05-19T21:10:39","modified_gmt":"2022-05-20T00:10:39","slug":"tv-box-ptx-x96-air-4gb-32gb","status":"publish","type":"product","link":"https:\/\/www.appoloviracel.com.uy\/index.php\/product\/tv-box-ptx-x96-air-4gb-32gb\/","title":{"rendered":"TV Box \u00abPTX-X96 Air\u00bb (4GB &#8211; 32GB)"},"content":{"rendered":"<h4>Caracter\u00edsticas y especificaciones:<\/h4>\n<ul>\n<li><strong>Sistema Operativo: Android 10.0<\/strong><\/li>\n<li><strong>Procesador: Quad-core ARM Cortex A53 1.35 GHz<\/strong><\/li>\n<li><strong>4K Android 10.0 Quad-Core 1.35 GHz <\/strong><\/li>\n<li><strong>Soporta resoluci\u00f3n ULTRA HD 4K 3840&#215;2160 60 fps<\/strong><\/li>\n<li><strong>Memoria RAM: 4GB DDR3.<\/strong><\/li>\n<li><strong>Memoria almacenamiento flash de: 32GB<\/strong><\/li>\n<li><strong>Almacenamiento externo: micro SD de hasta 16 GB<\/strong><\/li>\n<li><strong>Red Lan Ethernet 10\/100.<\/strong><\/li>\n<li><strong>WiFi AC 2.4g<\/strong><\/li>\n<li><strong>Soporta Mouse y Teclados v\u00eda USB o inal\u00e1mbicos v\u00eda 2.4Ghz.<\/strong><\/li>\n<li><strong>Servicios compatibles: Netflix Skype Pandora Gorjeo Youtube Picasa Google TV Facebook<\/strong><\/li>\n<li><strong>Formatos de video: MKV, WMV, MPG, MPEG, DAT, AVI, MOV, ISO, MP4, RM Y JPG<\/strong><\/li>\n<li><strong>Formatos de musica: MP3\/WMA\/AAC\/WAV\/OGG\/AC3\/DDP\/TrueHD\/DTS\/DTS\/HD\/FLAC\/APE<\/strong><\/li>\n<li><strong>Formato de imagen: HD JPEG\/BMP\/GIF\/PNG\/TIFF<\/strong><\/li>\n<li><strong>Puertos disponibles: 1*HDMI, 1*AV (3.5 mm), 1*Ethernet<\/strong><\/li>\n<li><strong>Garant\u00eda:<\/strong> 6 meses contra defecto de fabricaci\u00f3n<\/li>\n<\/ul>\n<h5><\/h5>\n<h5><strong>*Las im\u00e1genes son a modo ilustrativo<\/strong><\/h5>\n","protected":false},"excerpt":{"rendered":"<h3><span style=\"color: #339966;\"><strong>U$S 89<\/strong><\/span><\/h3>\n","protected":false},"featured_media":13990,"comment_status":"open","ping_status":"closed","template":"","meta":[],"_links":{"self":[{"href":"https:\/\/www.appoloviracel.com.uy\/index.php\/wp-json\/wp\/v2\/product\/13989"}],"collection":[{"href":"https:\/\/www.appoloviracel.com.uy\/index.php\/wp-json\/wp\/v2\/product"}],"about":[{"href":"https:\/\/www.appoloviracel.com.uy\/index.php\/wp-json\/wp\/v2\/types\/product"}],"replies":[{"embeddable":true,"href":"https:\/\/www.appoloviracel.com.uy\/index.php\/wp-json\/wp\/v2\/comments?post=13989"}],"wp:featuredmedia":[{"embeddable":true,"href":"https:\/\/www.appoloviracel.com.uy\/index.php\/wp-json\/wp\/v2\/media\/13990"}],"wp:attachment":[{"href":"https:\/\/www.appoloviracel.com.uy\/index.php\/wp-json\/wp\/v2\/media?parent=13989"}],"curies":[{"name":"wp","href":"https:\/\/api.w.org\/{rel}","templated":true}]}}