{"id":1384,"date":"2020-11-08T15:57:04","date_gmt":"2020-11-08T18:57:04","guid":{"rendered":"https:\/\/www.appoloviracel.com.uy\/?post_type=product&#038;p=1384"},"modified":"2021-04-25T19:27:47","modified_gmt":"2021-04-25T22:27:47","slug":"cable-samsung-original-micro-usb-1-metro-ecc1du0bbk","status":"publish","type":"product","link":"https:\/\/www.appoloviracel.com.uy\/index.php\/product\/cable-samsung-original-micro-usb-1-metro-ecc1du0bbk\/","title":{"rendered":"Cable SAMSUNG \u00abECC1DU0BBK\u00bb, de Micro USB a USB (1Metro)"},"content":{"rendered":"<h4>Caracter\u00edsticas y especificaciones:<\/h4>\n<p>Cable de datos Samsung USB a micro USB (ECC1DU0BBK) en color negro. Esta parte tambi\u00e9n se llama: cable de carga, cable de transferencia de datos, cable USB a micro USB. Cable de datos USB a micro USB peque\u00f1o y liviano adecuado para transferencia de datos y carga r\u00e1pida.<\/p>\n<p>Compatible con: dispositivos Samsung con conector micro USB.<\/p>\n<h5><strong>*Las im\u00e1genes son a modo ilustrativo.<\/strong><\/h5>\n","protected":false},"excerpt":{"rendered":"<h3><span style=\"color: #339966;\">$ 350<\/span><\/h3>\n","protected":false},"featured_media":1385,"comment_status":"open","ping_status":"closed","template":"","meta":[],"_links":{"self":[{"href":"https:\/\/www.appoloviracel.com.uy\/index.php\/wp-json\/wp\/v2\/product\/1384"}],"collection":[{"href":"https:\/\/www.appoloviracel.com.uy\/index.php\/wp-json\/wp\/v2\/product"}],"about":[{"href":"https:\/\/www.appoloviracel.com.uy\/index.php\/wp-json\/wp\/v2\/types\/product"}],"replies":[{"embeddable":true,"href":"https:\/\/www.appoloviracel.com.uy\/index.php\/wp-json\/wp\/v2\/comments?post=1384"}],"wp:featuredmedia":[{"embeddable":true,"href":"https:\/\/www.appoloviracel.com.uy\/index.php\/wp-json\/wp\/v2\/media\/1385"}],"wp:attachment":[{"href":"https:\/\/www.appoloviracel.com.uy\/index.php\/wp-json\/wp\/v2\/media?parent=1384"}],"curies":[{"name":"wp","href":"https:\/\/api.w.org\/{rel}","templated":true}]}}