{"id":13755,"date":"2022-04-20T17:38:47","date_gmt":"2022-04-20T20:38:47","guid":{"rendered":"https:\/\/www.appoloviracel.com.uy\/?post_type=product&#038;p=13755"},"modified":"2024-03-21T10:06:06","modified_gmt":"2024-03-21T13:06:06","slug":"tv-box-xiaomi-mi-box-s-ultra-hd-2gb-8gb","status":"publish","type":"product","link":"https:\/\/www.appoloviracel.com.uy\/index.php\/product\/tv-box-xiaomi-mi-box-s-ultra-hd-2gb-8gb\/","title":{"rendered":"TV Box Xiaomi \u00abMi Box S\u00bb Ultra HD (2GB &#8211; 8GB)"},"content":{"rendered":"<h4>Caracter\u00edsticas y especificaciones:<\/h4>\n<p>Mi Box S es un Reproductor\u00a0 que funciona con Android 8.1; cuenta con un procesador Cortex-A53 Quad-core 64 bit, RAM de 2GB y una memoria de 8GB eMMC. Es f\u00e1cil de usar y admite b\u00fasqueda por voz y Chromecast, adem\u00e1s de ofrecer un mundo de contenido que toda la familia puede disfrutar. Compatible con miles de aplicaciones, lo que le brinda acceso a toneladas de servicios de video premium y un flujo constante de contenido nuevo y fresco. Reparto inteligente sum\u00e9rjase en una experiencia de visualizaci\u00f3n mejor y m\u00e1s grande. El control tiene un bot\u00f3n de Asistente de Google, con el que puede acceder r\u00e1pidamente al entretenimiento, obtener respuestas y controlar dispositivos en su hogar simplemente presione el bot\u00f3n del micr\u00f3fono en su control remoto para comenzar, con el cual podr\u00e1s acceder r\u00e1pidamente a cualquier contenido, obtener respuestas y controlar los dispositivos de tu casa. Cuenta con la \u00faltima tecnolog\u00eda streaming en 4K HDR y procesamiento 4K de alta velocidad para reproducci\u00f3n de hasta 60 fps. Disfrute de una experiencia de visualizaci\u00f3n realista de ultra alta definici\u00f3n. Premium audio te pone en acci\u00f3n Dolby y DTS ofrecen un sonido envolvente tridimensional m\u00e1s n\u00edtido. Admite conexiones Wi-Fi, Bluetooth y USB, lo que brinda velocidades de transferencia s\u00faper r\u00e1pida.<\/p>\n<p><strong>Garant\u00eda: 6 meses contra defecto de fabricaci\u00f3n<\/strong><\/p>\n<h5><strong>*Las im\u00e1genes son a modo ilustrativo<\/strong><\/h5>\n","protected":false},"excerpt":{"rendered":"<h3><span style=\"color: #ff0000;\"><strong>AGOTADO<\/strong><\/span><\/h3>\n","protected":false},"featured_media":13756,"comment_status":"open","ping_status":"closed","template":"","meta":[],"_links":{"self":[{"href":"https:\/\/www.appoloviracel.com.uy\/index.php\/wp-json\/wp\/v2\/product\/13755"}],"collection":[{"href":"https:\/\/www.appoloviracel.com.uy\/index.php\/wp-json\/wp\/v2\/product"}],"about":[{"href":"https:\/\/www.appoloviracel.com.uy\/index.php\/wp-json\/wp\/v2\/types\/product"}],"replies":[{"embeddable":true,"href":"https:\/\/www.appoloviracel.com.uy\/index.php\/wp-json\/wp\/v2\/comments?post=13755"}],"wp:featuredmedia":[{"embeddable":true,"href":"https:\/\/www.appoloviracel.com.uy\/index.php\/wp-json\/wp\/v2\/media\/13756"}],"wp:attachment":[{"href":"https:\/\/www.appoloviracel.com.uy\/index.php\/wp-json\/wp\/v2\/media?parent=13755"}],"curies":[{"name":"wp","href":"https:\/\/api.w.org\/{rel}","templated":true}]}}