{"id":1372,"date":"2020-11-08T15:15:44","date_gmt":"2020-11-08T18:15:44","guid":{"rendered":"https:\/\/www.appoloviracel.com.uy\/?post_type=product&#038;p=1372"},"modified":"2021-04-25T20:19:01","modified_gmt":"2021-04-25T23:19:01","slug":"cargador-auto-original-samsung-micro-usb-1a-eca-u16cbe","status":"publish","type":"product","link":"https:\/\/www.appoloviracel.com.uy\/index.php\/product\/cargador-auto-original-samsung-micro-usb-1a-eca-u16cbe\/","title":{"rendered":"Cargador SAMSUNG \u00abECA-U16CBE\u00bb Original para Auto, Micro USB (1A)"},"content":{"rendered":"<h4>Caracter\u00edsticas y especificaciones:<\/h4>\n<ul>\n<li>Samsung ECA de coche<\/li>\n<li>Cable de carga para coche<\/li>\n<li>La seguridad integrada a sobrecargas.<\/li>\n<li>Cable de carga para coche para cargar para viajes<\/li>\n<li>So usted siempre un smartphone totalmente equipado<\/li>\n<li>Compatible con todos los tel\u00e9fonos m\u00f3viles con conexi\u00f3n micro USB<\/li>\n<\/ul>\n<p>&nbsp;<\/p>\n<h5><strong>*Las im\u00e1genes son a modo ilustrativo.<\/strong><\/h5>\n","protected":false},"excerpt":{"rendered":"<h3><span style=\"color: #339966;\">$ 950<\/span><\/h3>\n","protected":false},"featured_media":1373,"comment_status":"open","ping_status":"closed","template":"","meta":[],"_links":{"self":[{"href":"https:\/\/www.appoloviracel.com.uy\/index.php\/wp-json\/wp\/v2\/product\/1372"}],"collection":[{"href":"https:\/\/www.appoloviracel.com.uy\/index.php\/wp-json\/wp\/v2\/product"}],"about":[{"href":"https:\/\/www.appoloviracel.com.uy\/index.php\/wp-json\/wp\/v2\/types\/product"}],"replies":[{"embeddable":true,"href":"https:\/\/www.appoloviracel.com.uy\/index.php\/wp-json\/wp\/v2\/comments?post=1372"}],"wp:featuredmedia":[{"embeddable":true,"href":"https:\/\/www.appoloviracel.com.uy\/index.php\/wp-json\/wp\/v2\/media\/1373"}],"wp:attachment":[{"href":"https:\/\/www.appoloviracel.com.uy\/index.php\/wp-json\/wp\/v2\/media?parent=1372"}],"curies":[{"name":"wp","href":"https:\/\/api.w.org\/{rel}","templated":true}]}}