{"id":13674,"date":"2022-04-19T11:12:15","date_gmt":"2022-04-19T14:12:15","guid":{"rendered":"https:\/\/www.appoloviracel.com.uy\/?post_type=product&#038;p=13674"},"modified":"2023-06-09T11:27:23","modified_gmt":"2023-06-09T14:27:23","slug":"celular-samsung-galaxy-a23-128gb-4gb","status":"publish","type":"product","link":"https:\/\/www.appoloviracel.com.uy\/index.php\/product\/celular-samsung-galaxy-a23-128gb-4gb\/","title":{"rendered":"Celular Samsung \u00abGalaxy A23\u00bb (128Gb-4Gb)"},"content":{"rendered":"<h4>Caracter\u00edsticas y especificaciones:<\/h4>\n<p>El <strong>Samsung Galaxy A23<\/strong> es un smartphone Android con una pantalla de 6.6 pulgadas a resoluci\u00f3n FHD+, potenciado por un procesador Snapdragon 680 con 4GB, 6GB o 8GB de RAM y 64GB o 128GB de almacenamiento interno. Con una c\u00e1mara cu\u00e1druple con lente principal de 50MP en su dorso, el Galaxy A23 tiene una c\u00e1mara frontal de 8MP en el notch en forma de V, una bater\u00eda de 5000 mAh de carga r\u00e1pida, lector de huellas lateral, y corre Android 12.<\/p>\n<ul>\n<li><strong>Dimensiones: 164,2 * 76,1 * 9,1 mm <\/strong><\/li>\n<li><strong>Peso: 205 gramos<\/strong><\/li>\n<li><strong>Colores M\u00f3viles: azul y negro<\/strong><\/li>\n<li><strong>Tipo pantalla: Pantalla t\u00e1ctil IPS LCD, 16 millones de colores; Tama\u00f1o: 6.5 pulgadas; Resoluci\u00f3n: 720 x 1600 p\u00edxeles, con una densidad de p\u00edxeles de 270 p\u00edxeles por pulgada<\/strong><\/li>\n<li><strong>descendencia; Relaci\u00f3n: pantalla-cuerpo del 81,6%<\/strong><\/li>\n<li><strong>Chipset: MediaTek Dimensity 720 5G &#8211; Siete nan\u00f3metros<\/strong><\/li>\n<li><strong>CPU Procesador: Octa-core (2 * 2.0 GHz Cortex-A76 y 6 * 2.0 GHz Cortex-A55)<\/strong><\/li>\n<li><strong>GPU N\u00facleo gr\u00e1fico: Mali-G57 MC3<\/strong><\/li>\n<li><strong>Memoria expansible: apoyos<\/strong><\/li>\n<li><strong>Memoria RAM: 4GB<\/strong><\/li>\n<li><strong>Memoria interna: 128 GB<\/strong><\/li>\n<li><strong>C\u00c1MARA TRASERA: Triple<\/strong><\/li>\n<li><strong>Principal: 50 MP (ancho), f\/2.0<\/strong><\/li>\n<li><strong>Segunda: 8 MP (ultra ancho), f\/2.2<\/strong><\/li>\n<li><strong>Tercera: 5 MP (profundidad), f\/2.4<\/strong><\/li>\n<li><strong>Funciones: Flash LED, panorama, HDR<\/strong><\/li>\n<li><strong>Video: 1080p@30fps; Frontal: solitario &#8211; 13 MP (ancho), f\/2.2<\/strong><\/li>\n<li><strong>Bater\u00eda:\u00a0 Capacidad: 5000 mAh no extra\u00edble; Tipo de Bater\u00eda: Pol\u00edmero de litio; Cargador: 15W<\/strong><\/li>\n<li><strong>Sonido: Puerto para auriculares de 3,5 mm: Si; Altavoz del tel\u00e9fono: Si<\/strong><\/li>\n<li><strong>Sensores: Sensor de huellas dactilares en el lateral de la pantalla<\/strong><\/li>\n<li><strong>Otras ventajas: Aceler\u00f3metro, giroscopio, proximidad, br\u00fajula<\/strong><\/li>\n<li>Se incluyen los siguientes accesorios: <strong>Cargador y Manual\u00a0 <\/strong><\/li>\n<li><strong>Garant\u00eda:<\/strong> 12 meses contra defecto de fabricaci\u00f3n<\/li>\n<\/ul>\n<p>&nbsp;<\/p>\n<h4><span style=\"color: #ff0000;\"><strong>Contado efectivo: 10% de Descuento<\/strong><\/span><\/h4>\n<h5><strong>*Las im\u00e1genes son a modo ilustrativo.<\/strong><\/h5>\n","protected":false},"excerpt":{"rendered":"<h3><span style=\"color: #339966;\"><strong>U$S 345<\/strong><\/span><\/h3>\n","protected":false},"featured_media":13675,"comment_status":"open","ping_status":"closed","template":"","meta":[],"_links":{"self":[{"href":"https:\/\/www.appoloviracel.com.uy\/index.php\/wp-json\/wp\/v2\/product\/13674"}],"collection":[{"href":"https:\/\/www.appoloviracel.com.uy\/index.php\/wp-json\/wp\/v2\/product"}],"about":[{"href":"https:\/\/www.appoloviracel.com.uy\/index.php\/wp-json\/wp\/v2\/types\/product"}],"replies":[{"embeddable":true,"href":"https:\/\/www.appoloviracel.com.uy\/index.php\/wp-json\/wp\/v2\/comments?post=13674"}],"wp:featuredmedia":[{"embeddable":true,"href":"https:\/\/www.appoloviracel.com.uy\/index.php\/wp-json\/wp\/v2\/media\/13675"}],"wp:attachment":[{"href":"https:\/\/www.appoloviracel.com.uy\/index.php\/wp-json\/wp\/v2\/media?parent=13674"}],"curies":[{"name":"wp","href":"https:\/\/api.w.org\/{rel}","templated":true}]}}