{"id":1365,"date":"2020-11-08T15:11:11","date_gmt":"2020-11-08T18:11:11","guid":{"rendered":"https:\/\/www.appoloviracel.com.uy\/?post_type=product&#038;p=1365"},"modified":"2021-04-25T20:17:28","modified_gmt":"2021-04-25T23:17:28","slug":"cargador-auto-original-samsung-doble-puerto-tipo-c-usb-fast-ep-ln920bbe","status":"publish","type":"product","link":"https:\/\/www.appoloviracel.com.uy\/index.php\/product\/cargador-auto-original-samsung-doble-puerto-tipo-c-usb-fast-ep-ln920bbe\/","title":{"rendered":"Cargador SAMSUNG \u00abEP-LN920BBE\u00bb Original para Auto, Doble Puerto Tipo-C a USB Fast"},"content":{"rendered":"<h4>Caracter\u00edsticas y especificaciones:<\/h4>\n<p>Con la tecnolog\u00eda Fast Charge, su bater\u00eda puede pasar de cero a hasta un 50% en aproximadamente 30 minutos, por lo que puede pasar menos tiempo conectado a una toma de corriente y m\u00e1s tiempo conect\u00e1ndose con las personas que le importan. Wired Fast Charge es compatible con el Samsung Galaxy S8, Galaxy Note 8 y modelos posteriores de las series Galaxy S y Galaxy Note. El nuevo cargador de veh\u00edculo de carga r\u00e1pida de doble puerto cargar\u00e1 tambi\u00e9n otros dispositivos Micro USB y USB-C sin esa caracter\u00edstica, con una velocidad de carga de hasta 2 amperios.<\/p>\n<p><strong>Carga r\u00e1pida<\/strong><\/p>\n<p>El cargador de veh\u00edculo de doble puerto de carga r\u00e1pida Samsung se conecta a cualquier toma de corriente est\u00e1ndar del veh\u00edculo a trav\u00e9s del adaptador USB Tipo C incluido, y su dise\u00f1o compacto significa que es lo suficientemente peque\u00f1o como para no interferir mientras conduce. La tecnolog\u00eda de carga de Samsung alimenta su tel\u00e9fono mientras carga su bater\u00eda, por lo que puede hacer llamadas, revisar sus mensajes o navegar por la Web mientras su tel\u00e9fono se est\u00e1 cargando.<\/p>\n<h5><strong>*Las im\u00e1genes son a modo ilustrativo.<\/strong><\/h5>\n","protected":false},"excerpt":{"rendered":"<h3><span style=\"color: #339966;\">$ 950<\/span><\/h3>\n","protected":false},"featured_media":1366,"comment_status":"open","ping_status":"closed","template":"","meta":[],"_links":{"self":[{"href":"https:\/\/www.appoloviracel.com.uy\/index.php\/wp-json\/wp\/v2\/product\/1365"}],"collection":[{"href":"https:\/\/www.appoloviracel.com.uy\/index.php\/wp-json\/wp\/v2\/product"}],"about":[{"href":"https:\/\/www.appoloviracel.com.uy\/index.php\/wp-json\/wp\/v2\/types\/product"}],"replies":[{"embeddable":true,"href":"https:\/\/www.appoloviracel.com.uy\/index.php\/wp-json\/wp\/v2\/comments?post=1365"}],"wp:featuredmedia":[{"embeddable":true,"href":"https:\/\/www.appoloviracel.com.uy\/index.php\/wp-json\/wp\/v2\/media\/1366"}],"wp:attachment":[{"href":"https:\/\/www.appoloviracel.com.uy\/index.php\/wp-json\/wp\/v2\/media?parent=1365"}],"curies":[{"name":"wp","href":"https:\/\/api.w.org\/{rel}","templated":true}]}}