{"id":13541,"date":"2022-04-16T13:20:56","date_gmt":"2022-04-16T16:20:56","guid":{"rendered":"https:\/\/www.appoloviracel.com.uy\/?post_type=product&#038;p=13541"},"modified":"2022-12-10T11:47:49","modified_gmt":"2022-12-10T14:47:49","slug":"celular-xiaomi-poco-x4-pro-256gb-8gb","status":"publish","type":"product","link":"https:\/\/www.appoloviracel.com.uy\/index.php\/product\/celular-xiaomi-poco-x4-pro-256gb-8gb\/","title":{"rendered":"Celular Xiaomi \u00abPoco X4Pro\u00bb (256Gb-8Gb)"},"content":{"rendered":"<h4>Caracter\u00edsticas y especificaciones:<\/h4>\n<ul>\n<li>Dispositivo liberado para que elijas la compa\u00f1\u00eda telef\u00f3nica que prefieras.<\/li>\n<li>Compatible con redes 5G.<\/li>\n<li>Conectividad: 5G; SIM + Dual SIM o Micro SD; Bluetooth 5.1; NFC; Jack 3,5mm; Infrarrojos; USB tipo C<\/li>\n<li>Pantalla AMOLED de 6.67&#8243;; ; 120 Hz, Muestreo t\u00e1ctil 360 Hz; FHD+ (2400 x 1080 p\u00edxeles); Brillo pico de 1.200 nits; Recubierta con Corning Gorilla Glass 5<\/li>\n<li>Dimensiones y Peso: 164,19 x 76,1 x 8,12 mm; 205 Gramos<\/li>\n<li>Sistema : Android 11 + MIUI 13<\/li>\n<li>Procesador: Qualcomm Snapdragon 695; Adreno 619<\/li>\n<li>RAM: 8 GB LPDDR4X<\/li>\n<li>Almacenamiento (Memoria interna) de 256GB: 256 GB UFS 2.2; Ampliable v\u00eda Micro SD hasta 1 TB<\/li>\n<li>Procesador Snapdragon 695 Octa-Core de 2.2GHz con 8GB de RAM.<\/li>\n<li>Tiene 3 c\u00e1maras traseras de 108Mpx\/8Mpx\/2Mpx.<\/li>\n<li>C\u00e1mara Trasera: 108 MP f\/1.9, Samsung HM2, 1\/1,52 pulgadas; Ultra gran angular 8MP, f\/2.2, 118\u00b0 FOV; Macro 2 MP, f\/2.4<\/li>\n<li>C\u00e1mara Frontal: 16MP, f\/2.4<\/li>\n<li>C\u00e1mara delantera de 16Mpx.<\/li>\n<li>Bater\u00eda de 5000mAh; ; Carga r\u00e1pida 67 W (cargador incluido en la caja)<\/li>\n<li>Resistente a las salpicaduras.<\/li>\n<li>Con reconocimiento facial y sensor de huella dactilar.<\/li>\n<li>Resistente al polvo.<\/li>\n<li>Otros: Doble altavoz est\u00e9reo; Tecnolog\u00eda de refrigeraci\u00f3n LiquidCool 1.0 Plus; Resistencia IP53; Sensor de huellas en el lateral; Reconocimiento facial<\/li>\n<li>Se incluyen los siguientes accesorios: <strong>Cargador y Manual<\/strong><\/li>\n<\/ul>\n<ul>\n<li><strong>Garant\u00eda:<\/strong> 12 meses contra defecto de fabricaci\u00f3n<\/li>\n<\/ul>\n<h4><\/h4>\n<h4><span style=\"color: #ff0000;\"><strong>Contado efectivo: 10% de Descuento<\/strong><\/span><\/h4>\n<h5><strong>*Las im\u00e1genes son a modo ilustrativo.<\/strong><\/h5>\n<p>&nbsp;<\/p>\n","protected":false},"excerpt":{"rendered":"<h3><span style=\"color: #339966;\"><strong>U$S 515<\/strong><\/span><\/h3>\n","protected":false},"featured_media":13542,"comment_status":"open","ping_status":"closed","template":"","meta":[],"_links":{"self":[{"href":"https:\/\/www.appoloviracel.com.uy\/index.php\/wp-json\/wp\/v2\/product\/13541"}],"collection":[{"href":"https:\/\/www.appoloviracel.com.uy\/index.php\/wp-json\/wp\/v2\/product"}],"about":[{"href":"https:\/\/www.appoloviracel.com.uy\/index.php\/wp-json\/wp\/v2\/types\/product"}],"replies":[{"embeddable":true,"href":"https:\/\/www.appoloviracel.com.uy\/index.php\/wp-json\/wp\/v2\/comments?post=13541"}],"wp:featuredmedia":[{"embeddable":true,"href":"https:\/\/www.appoloviracel.com.uy\/index.php\/wp-json\/wp\/v2\/media\/13542"}],"wp:attachment":[{"href":"https:\/\/www.appoloviracel.com.uy\/index.php\/wp-json\/wp\/v2\/media?parent=13541"}],"curies":[{"name":"wp","href":"https:\/\/api.w.org\/{rel}","templated":true}]}}