{"id":13274,"date":"2022-04-11T22:22:46","date_gmt":"2022-04-12T01:22:46","guid":{"rendered":"https:\/\/www.appoloviracel.com.uy\/?post_type=product&#038;p=13274"},"modified":"2025-04-08T16:45:35","modified_gmt":"2025-04-08T19:45:35","slug":"mouse-silent-m220-logitech-inalambrico","status":"publish","type":"product","link":"https:\/\/www.appoloviracel.com.uy\/index.php\/product\/mouse-silent-m220-logitech-inalambrico\/","title":{"rendered":"Mouse Logitech \u00abM220\u00bb Silent (Inal\u00e1mbrico)"},"content":{"rendered":"<h4>Caracter\u00edsticas y especificaciones:<\/h4>\n<h6>SILENCIO EN CADA CLIC<\/h6>\n<p>Olvida las distracciones a causa de los clics. El M220 reduce el ruido en m\u00e1s de un 90% Comparaci\u00f3n del nivel de sonido entre Logitech M220 y Logitech M170. Nivel de dBA de clics del bot\u00f3n izquierdo medido por un laboratorio independiente a 1\u00a0m., creando un entorno m\u00e1s tranquilo y productivo para ti y las personas a tu alrededor. Con su peque\u00f1o tama\u00f1o y el fluido control del cursor, es genial para espacios de trabajo reducidos y mesas llenas de cosas.<\/p>\n<h6>MENOS RUIDO, MAYOR CONCENTRACI\u00d3N<\/h6>\n<p>Mant\u00e9n la concentraci\u00f3n en tu trabajo sin ruidos que te distraigan. La tecnolog\u00eda SilentTouch de Logitech reduce en m\u00e1s de un 90% <sup aria-label=\"footnote 2\">\u00a0<\/sup>Comparaci\u00f3n del nivel de sonido entre Logitech M220 y Logitech M170. Nivel de dBA de clics del bot\u00f3n izquierdo medido por un laboratorio independiente a 1\u00a0m. el ruido de los clics, a la vez que garantiza el m\u00e1ximo rendimiento del rat\u00f3n. Podr\u00e1s sentir cada clic sin tener que o\u00edrlo.<\/p>\n<h6>FORMA C\u00d3MODA, DISE\u00d1O COMPACTO<\/h6>\n<p>Prolonga tu productividad gracias a la c\u00f3moda forma contorneada que sigue la curvatura natural de la mano. Este rat\u00f3n compacto e inal\u00e1mbrico cabe f\u00e1cilmente en una bolsa junto con el port\u00e1til, para poder llevarlo contigo dondequiera que trabajes. El M220 est\u00e1 dise\u00f1ado para proporcionar la misma comodidad a usuarios diestros y zurdos.<\/p>\n<h6>NAVEGACI\u00d3N SENCILLA, CONTROL PRECISO<\/h6>\n<p>Navegaci\u00f3n facilitada gracias a un desplazamiento controlado l\u00ednea a l\u00ednea. Sin desperdiciar ni un solo clic: el sensor \u00f3ptico te permite hacer un seguimiento con un control del cursor fluido y preciso pr\u00e1cticamente sobre cualquier superficie.<\/p>\n<h6>CALIDAD FIABLE<\/h6>\n<p>El rat\u00f3n se ha fabricado conforme a los est\u00e1ndares de alta calidad que han convertido a Logitech en el l\u00edder mundial en ratones y teclados Basado en informaci\u00f3n de ventas independiente (en unidades) sobre ratones y teclados Logitech, agregada a partir de los principales mercados mundiales, incluidos Alemania, Canad\u00e1, China, Estados Unidos, Federaci\u00f3n Rusa, Francia, Indonesia, Reino Unido, Rep\u00fablica de Corea, Suecia, Taiw\u00e1n y Turqu\u00eda (entre julio de 2019 y julio de 2020). S\u00f3lo canal minorista. Duradero y fiable: el M220 funciona hasta 18 meses<sup aria-label=\"footnote 4\">4<\/sup><span aria-hidden=\"true\">La duraci\u00f3n de las pilas depende de las condiciones de uso y de los dispositivos.<\/span> sin cambiar las pilas gracias al conmutador de encendido\/apagado y al modo de suspensi\u00f3n autom\u00e1tica para el ahorro de energ\u00eda.<\/p>\n<h6>SIMPLICIDAD PLUG AND PLAY<\/h6>\n<p>M220 es compatible con Windows<sup>\u00ae<\/sup>, macOS, Chrome OS<sup>\u2122<\/sup> y Linux<sup>\u00ae<\/sup> y funciona al instante al conectar el receptor USB a tu ordenador o port\u00e1til. El receptor ofrece una conexi\u00f3n fiable a una distancia de hasta 10\u00a0metros El radio de acci\u00f3n inal\u00e1mbrico depende de las condiciones de uso, del entorno y de los dispositivos..<\/p>\n<h6>MAYOR PRODUCTIVIDAD<\/h6>\n<p>Aumenta tu productividad a\u00f1adiendo el M220 a tu port\u00e1til. Seg\u00fan un estudio reciente, los usuarios de port\u00e1tiles que eligieron este rat\u00f3n en lugar de un touchpad incrementaron su productividad en un 50% Basado en el c\u00e1lculo del rendimiento en bits\/segundo combinando la velocidad y la precisi\u00f3n promedio de todos los dispositivos que participaron en el estudio. Estudio de Logitech Ergonomic Lab con 23 participantes (en octubre de 2019) con dos ratones Logitech est\u00e1ndar y dos trackpads integrados est\u00e1ndar y trabajaron un 30% m\u00e1s r\u00e1pido<\/p>\n<h5><strong>\u00a0<\/strong><strong>*Las im\u00e1genes son a modo ilustrativo.<\/strong><\/h5>\n","protected":false},"excerpt":{"rendered":"<h3><span style=\"color: #339966;\"><strong>U$S 16<\/strong><\/span><\/h3>\n","protected":false},"featured_media":13275,"comment_status":"open","ping_status":"closed","template":"","meta":[],"_links":{"self":[{"href":"https:\/\/www.appoloviracel.com.uy\/index.php\/wp-json\/wp\/v2\/product\/13274"}],"collection":[{"href":"https:\/\/www.appoloviracel.com.uy\/index.php\/wp-json\/wp\/v2\/product"}],"about":[{"href":"https:\/\/www.appoloviracel.com.uy\/index.php\/wp-json\/wp\/v2\/types\/product"}],"replies":[{"embeddable":true,"href":"https:\/\/www.appoloviracel.com.uy\/index.php\/wp-json\/wp\/v2\/comments?post=13274"}],"wp:featuredmedia":[{"embeddable":true,"href":"https:\/\/www.appoloviracel.com.uy\/index.php\/wp-json\/wp\/v2\/media\/13275"}],"wp:attachment":[{"href":"https:\/\/www.appoloviracel.com.uy\/index.php\/wp-json\/wp\/v2\/media?parent=13274"}],"curies":[{"name":"wp","href":"https:\/\/api.w.org\/{rel}","templated":true}]}}