{"id":13176,"date":"2022-04-10T01:26:58","date_gmt":"2022-04-10T04:26:58","guid":{"rendered":"https:\/\/www.appoloviracel.com.uy\/?post_type=product&#038;p=13176"},"modified":"2023-03-15T17:59:02","modified_gmt":"2023-03-15T20:59:02","slug":"power-bank-xiaomi-mi-plm13zm-18w10-000mah","status":"publish","type":"product","link":"https:\/\/www.appoloviracel.com.uy\/index.php\/product\/power-bank-xiaomi-mi-plm13zm-18w10-000mah\/","title":{"rendered":"Power Bank Xiaomi Mi \u00abPLM13ZM\u00bb 18w; 10.000mAh"},"content":{"rendered":"<h4>Caracter\u00edsticas y especificaciones:<\/h4>\n<ul>\n<li>Modelo de producto: PLM13ZM<\/li>\n<li>Tipo de bater\u00eda: bater\u00eda de pol\u00edmero de iones de litio<\/li>\n<li>Energ\u00eda de la bater\u00eda: 37Wh 3.7V 10000mAh<\/li>\n<li>Dimensiones: 147,8 * 73,9 * 15,3 mm<\/li>\n<li>Capacidad nominal: 5500 mAh (5,1 V \/ 2,6 A)<\/li>\n<li>Interfaz de entrada: Micro-USB \/ USB-C<\/li>\n<li>Interfaz de salida: USB-A<\/li>\n<li>Tiempo de carga: aproximadamente cuatro horas (cargador 9V \/ 2A 12V \/ 1.5A), aproximadamente seis horas (cargador 5V \/ 2A)<\/li>\n<li>Lista de empaque: una Power Bank de carga, un manual, un cable de carga<\/li>\n<li>USB-C . Entrada \/ salida de doble puerto de carga r\u00e1pida de 18W .<\/li>\n<li>Carcasa de metal de aleaci\u00f3n de aluminio .<\/li>\n<li>Indicador de bater\u00eda LED .<\/li>\n<li>Haga doble clic en el bot\u00f3n de verificaci\u00f3n actual para ingresar al modo de corriente baja<\/li>\n<li>Cargue de forma segura dispositivos de baja potencia, como auriculares<\/li>\n<li>Bluetooth o bandas de fitness.<\/li>\n<li>Simplemente presione dos veces el bot\u00f3n de encendido para ingresar a la carga de baja potencia de 2 horas.<\/li>\n<li>M\u00faltiples protecciones, m\u00e1s seguras:<\/li>\n<li>Protecci\u00f3n de temperatura<\/li>\n<li>Protecci\u00f3n contra cortocircuitos<\/li>\n<li>Proteccion al sobrevoltaje<\/li>\n<li>Protecci\u00f3n anti-reversa<\/li>\n<li>Protecci\u00f3n contra la sobretensi\u00f3n<\/li>\n<li>Entrada USB-C: 5V 2,1A \/ 9A 2,1A \/ 12V 1,5A<\/li>\n<li>Entrada Micro-USB: 5V 2,1A \/ 9V 2,1A \/ 12V 1,5A<\/li>\n<li>Salida USB-A: 5,1V 2,4A \/ 9V 2A \/ 12V 1,5A<\/li>\n<li>Salida Dual USB-A: 5,1V \/ 2,6A<\/li>\n<\/ul>\n<h5><\/h5>\n<h5><strong>*Las im\u00e1genes son a modo ilustrativo.<\/strong><\/h5>\n","protected":false},"excerpt":{"rendered":"<h3><span style=\"color: #ff0000;\"><strong>AGOTADO<\/strong><\/span><\/h3>\n","protected":false},"featured_media":13177,"comment_status":"open","ping_status":"closed","template":"","meta":[],"_links":{"self":[{"href":"https:\/\/www.appoloviracel.com.uy\/index.php\/wp-json\/wp\/v2\/product\/13176"}],"collection":[{"href":"https:\/\/www.appoloviracel.com.uy\/index.php\/wp-json\/wp\/v2\/product"}],"about":[{"href":"https:\/\/www.appoloviracel.com.uy\/index.php\/wp-json\/wp\/v2\/types\/product"}],"replies":[{"embeddable":true,"href":"https:\/\/www.appoloviracel.com.uy\/index.php\/wp-json\/wp\/v2\/comments?post=13176"}],"wp:featuredmedia":[{"embeddable":true,"href":"https:\/\/www.appoloviracel.com.uy\/index.php\/wp-json\/wp\/v2\/media\/13177"}],"wp:attachment":[{"href":"https:\/\/www.appoloviracel.com.uy\/index.php\/wp-json\/wp\/v2\/media?parent=13176"}],"curies":[{"name":"wp","href":"https:\/\/api.w.org\/{rel}","templated":true}]}}