{"id":13154,"date":"2022-04-08T23:47:03","date_gmt":"2022-04-09T02:47:03","guid":{"rendered":"https:\/\/www.appoloviracel.com.uy\/?post_type=product&#038;p=13154"},"modified":"2024-10-12T15:36:12","modified_gmt":"2024-10-12T18:36:12","slug":"celular-iphone-13pro-128gb","status":"publish","type":"product","link":"https:\/\/www.appoloviracel.com.uy\/index.php\/product\/celular-iphone-13pro-128gb\/","title":{"rendered":"Celular iPhone \u00ab13Pro A+\u00bb (256Gb)"},"content":{"rendered":"<h4>Caracter\u00edsticas y especificaciones:<\/h4>\n<h4><span style=\"color: #ff0000;\"><strong>Equipo A+<\/strong><\/span><\/h4>\n<p>Sus estilos son tan inteligentes que resaltan o apagan los colores de las fotos sin alterar el tono natural de la piel. Los Estilos Fotogr\u00e1ficos te permiten darles un look m\u00e1s personal a tus fotos. A diferencia de los filtros, los estilos aplican ajustes de forma selectiva a cada zona de la imagen, sin alterar los tonos de piel. Elige Colorido para que tus fotos se vean m\u00e1s brillantes y v\u00edvidas, contraste intenso para aplicar sombras m\u00e1s oscuras y colores m\u00e1s profundos, y c\u00e1lido o fr\u00edo para acentuar los subtonos dorados o azules.<\/p>\n<ul>\n<li>Chip A15 Bionic ultra r\u00e1pido.<\/li>\n<li>Y una extraordinaria duraci\u00f3n de la bater\u00eda.<\/li>\n<li>Un dise\u00f1o espectacular con acero inoxidable de calidad quir\u00fargica, Ceramic Shield y resistencia al agua IP68, l\u00edder en la industria<\/li>\n<li>Acero inoxidable de calidad quir\u00fargica<\/li>\n<li>Un hardware de \u00faltima generaci\u00f3n y un software superinteligente se combinan para traer fotograf\u00eda macro en la c\u00e1mara ultra gran angular, zoom \u00f3ptico de 3x en la c\u00e1mara teleobjetivo y modo Noche en todas las c\u00e1maras.<\/li>\n<li>Graba autom\u00e1ticamente escenas con baja profundidad de campo y elegantes transiciones de enfoque para narrar una trama de manera mucho m\u00e1s creativa<\/li>\n<li>La pantalla Super Retina XDR con ProMotion te permite disfrutar una experiencia sin precedentes gracias a su frecuencia de actualizaci\u00f3n adaptativa de hasta 120 Hz y su rendimiento gr\u00e1fico excepcional<\/li>\n<li>Una velocidad que s\u00f3lo un Pro puede alcanzar. El rendimiento del chip te permite hacer tareas muy complejas, mientras que la bater\u00eda ahora dura mucho m\u00e1s y te acompa\u00f1a todo el d\u00eda<\/li>\n<\/ul>\n<p>&nbsp;<\/p>\n<p>Caracter\u00edsticas:<\/p>\n<ul>\n<li>Capacidad: Memoria interna:128GB de memoria total<\/li>\n<li>Pantalla: Pantalla Super Retina XDR con ProMotion; Pantalla OLED de 6.1 pulgadas (diagonal) sin marco; Resoluci\u00f3n de 2532 x 1170 pixeles a 460 ppi<\/li>\n<li>Tecnolog\u00eda ProMotion con frecuencias de actualizaci\u00f3n adaptativas de hasta 120 Hz<\/li>\n<li>Pantalla HDR<\/li>\n<li>True Tone<\/li>\n<li>Amplia gama de colores (P3)<\/li>\n<li>Toque con respuesta h\u00e1ptica<\/li>\n<li>Relaci\u00f3n de contraste 2,000,000:1 (normal)<\/li>\n<li>Brillo m\u00e1ximo de 1,000 nits (normal); brillo m\u00e1ximo de 1,200 nits (HDR)<\/li>\n<li>Revestimiento oleof\u00f3bico resistente a huellas dactilares<\/li>\n<li>Compatibilidad para mostrar varios idiomas y caracteres simult\u00e1neamenteC\u00e1mara: Sistema de c\u00e1maras Pro de 12 MP: teleobjetivo, gran angular y ultra gran angular; Retratos con modo Noche gracias al esc\u00e1ner LiDAR; Modo Retrato con bokeh avanzado y Control de Profundidad<\/li>\n<li>Iluminaci\u00f3n de Retrato con seis efectos (Luz Natural, Luz de Estudio Fotogr\u00e1fico, Luz al Contorno, Reflector, Reflector B y N, Clave Alta en B y N)<\/li>\n<li>Doble estabilizaci\u00f3n \u00f3ptica de imagen (c\u00e1maras teleobjetivo y gran angular)<\/li>\n<li>Estabilizaci\u00f3n \u00f3ptica de imagen por desplazamiento de sensor (c\u00e1mara gran angular)<\/li>\n<li>Lente de seis elementos (c\u00e1maras teleobjetivo y ultra gran angular); lente de siete elementos (c\u00e1mara gran angular)<\/li>\n<li>Flash True Tone con sincronizaci\u00f3n lenta<\/li>\n<li>Fotos panor\u00e1micas (hasta 63 MP)<\/li>\n<li>Modo Noche<\/li>\n<li>Deep Fusion<\/li>\n<li>HDR Inteligente 4<\/li>\n<li>Sistema operativo: iOS 15<\/li>\n<li>Procesador: Chip A15 Bionic<\/li>\n<li>Conectividad: Lightning; NFC; WiFi; Bluetooth<\/li>\n<li>Bater\u00eda: Bater\u00eda de iones de litio recargable integrada; Carga inal\u00e1mbrica de hasta 15 W con cargadores MagSafe9; Carga inal\u00e1mbrica de hasta 7.5 W con cargadores Qi9; Carga mediante el puerto USB de una computadora o con un adaptador de corriente; Carga r\u00e1pida<\/li>\n<li>Reconocimiento facial<\/li>\n<li>Resistente a ca\u00eddas<\/li>\n<li>Resistente al polvo<\/li>\n<li>Se incluyen los siguientes accesorios: <strong>Cable original y Manual<\/strong><\/li>\n<li><strong>Garant\u00eda:<\/strong> 6 meses contra defecto de fabricaci\u00f3n<\/li>\n<\/ul>\n<h4><\/h4>\n<h4><span style=\"color: #ff0000;\"><strong>Contado efectivo: 10% de Descuento<\/strong><\/span><\/h4>\n<h5><strong>*Las im\u00e1genes son a modo ilustrativo.<\/strong><\/h5>\n","protected":false},"excerpt":{"rendered":"<h3><span style=\"color: #339966;\"><strong>U$S 1.190<\/strong><\/span><\/h3>\n","protected":false},"featured_media":13376,"comment_status":"open","ping_status":"closed","template":"","meta":[],"_links":{"self":[{"href":"https:\/\/www.appoloviracel.com.uy\/index.php\/wp-json\/wp\/v2\/product\/13154"}],"collection":[{"href":"https:\/\/www.appoloviracel.com.uy\/index.php\/wp-json\/wp\/v2\/product"}],"about":[{"href":"https:\/\/www.appoloviracel.com.uy\/index.php\/wp-json\/wp\/v2\/types\/product"}],"replies":[{"embeddable":true,"href":"https:\/\/www.appoloviracel.com.uy\/index.php\/wp-json\/wp\/v2\/comments?post=13154"}],"wp:featuredmedia":[{"embeddable":true,"href":"https:\/\/www.appoloviracel.com.uy\/index.php\/wp-json\/wp\/v2\/media\/13376"}],"wp:attachment":[{"href":"https:\/\/www.appoloviracel.com.uy\/index.php\/wp-json\/wp\/v2\/media?parent=13154"}],"curies":[{"name":"wp","href":"https:\/\/api.w.org\/{rel}","templated":true}]}}