{"id":1286,"date":"2020-11-07T15:47:05","date_gmt":"2020-11-07T18:47:05","guid":{"rendered":"https:\/\/www.appoloviracel.com.uy\/?post_type=product&#038;p=1286"},"modified":"2021-04-25T20:02:00","modified_gmt":"2021-04-25T23:02:00","slug":"cargador-inteligente-auto-roca-4-2a-cable-micro-usb","status":"publish","type":"product","link":"https:\/\/www.appoloviracel.com.uy\/index.php\/product\/cargador-inteligente-auto-roca-4-2a-cable-micro-usb\/","title":{"rendered":"Cargador ROCA \u00abRC-CC-SC42\u00bb Inteligente para Auto, 2 USB+cable Ligthning (4.2A)"},"content":{"rendered":"<h4>Caracter\u00edsticas y especificaciones:<\/h4>\n<p><strong>Incluye cable micro USB &#8211; <\/strong><strong>Cargador Vehicular inteligente con doble puerto USB<\/strong><\/p>\n<p><strong>Inteligente:<\/strong><br \/>\nSu Smart-IC permite detectar cual es la necesidad y capacidad del dispositivo conectado y direccionar la potencia correcta brindando una carga r\u00e1pida y segura<\/p>\n<p><strong>Amplio:<\/strong><br \/>\nEl rango de voltaje, de 12V a 24V, permite su uso en diferentes veh\u00edculos<\/p>\n<p><strong>Conveniente:<\/strong><br \/>\nDe peque\u00f1o tama\u00f1o y gran potencia, el cargador ROCA MOBILE PRO Series es f\u00e1cil de llevar e ideal para cargar hasta dos dispositivos de cualquier tipo<\/p>\n<p><strong>Refinado:<\/strong><br \/>\nDise\u00f1o simple y elegante, hecho con materiales seguros y resistentes<\/p>\n<p><strong>Seguro:<\/strong><br \/>\nEl cargador ROCA MOBILE RC-CC-SC42 est\u00e1 hecho con materiales nobles, que resisten a fuego y altas temperaturas. Superaron las pruebas m\u00e1s exigentes e inluyen v\u00e1rios sistemas de protecci\u00f3n que mantienen a salvo el cargador y sus dispositivos<\/p>\n<p><strong>Especificaciones t\u00e9cnicas:<\/strong><\/p>\n<p>Modelo: RC-TC-CC42<br \/>\nEntrada: DC12-24V<br \/>\nSalida Total: DC5V=4.2A (MAX)<\/p>\n<h5><strong>*Las im\u00e1genes son a modo ilustrativo.<\/strong><\/h5>\n","protected":false},"excerpt":{"rendered":"<h3><span style=\"color: #339966;\">$ 350<\/span><\/h3>\n","protected":false},"featured_media":1287,"comment_status":"open","ping_status":"closed","template":"","meta":[],"_links":{"self":[{"href":"https:\/\/www.appoloviracel.com.uy\/index.php\/wp-json\/wp\/v2\/product\/1286"}],"collection":[{"href":"https:\/\/www.appoloviracel.com.uy\/index.php\/wp-json\/wp\/v2\/product"}],"about":[{"href":"https:\/\/www.appoloviracel.com.uy\/index.php\/wp-json\/wp\/v2\/types\/product"}],"replies":[{"embeddable":true,"href":"https:\/\/www.appoloviracel.com.uy\/index.php\/wp-json\/wp\/v2\/comments?post=1286"}],"wp:featuredmedia":[{"embeddable":true,"href":"https:\/\/www.appoloviracel.com.uy\/index.php\/wp-json\/wp\/v2\/media\/1287"}],"wp:attachment":[{"href":"https:\/\/www.appoloviracel.com.uy\/index.php\/wp-json\/wp\/v2\/media?parent=1286"}],"curies":[{"name":"wp","href":"https:\/\/api.w.org\/{rel}","templated":true}]}}