{"id":1271,"date":"2020-11-07T15:26:20","date_gmt":"2020-11-07T18:26:20","guid":{"rendered":"https:\/\/www.appoloviracel.com.uy\/?post_type=product&#038;p=1271"},"modified":"2021-04-25T19:55:20","modified_gmt":"2021-04-25T22:55:20","slug":"cargador-auto-samsung-18w-tipo-c-ep-ln930","status":"publish","type":"product","link":"https:\/\/www.appoloviracel.com.uy\/index.php\/product\/cargador-auto-samsung-18w-tipo-c-ep-ln930\/","title":{"rendered":"Cargador SAMSUNG \u00abEP-LN930\u00bb Original para Auto, Tipo-C (18w)"},"content":{"rendered":"<h4><em>\u00a0<\/em>Caracter\u00edsticas y especificaciones:<\/h4>\n<p>Con su dise\u00f1o de aluminio met\u00e1lico, el Samsung Car Charger combina minuciosamente con el interior de tu auto. Su tama\u00f1o compacto y sin complicaciones tambi\u00e9n asegura que no se interponga cuando quer\u00e9s mantener todo organizado mientras manej\u00e1s.<\/p>\n<p>Indicador de carga<\/p>\n<p>Gracias a su indicador de luz LED azul claramente visible, Samsung Car Charger mini te permite saber f\u00e1cilmente si tu dispositivo se est\u00e1 cargando o no mientras manejas.<\/p>\n<p>Carg\u00e1 r\u00e1pido mientras manejas.<\/p>\n<p>Cargador de coche Samsung mini cuenta con carga r\u00e1pida adaptable para que pueda encender r\u00e1pidamente para ahorrar tiempo de inactividad. Su conectividad de puerto USB Tipo-A brinda compatibilidad retroactiva total para admitir dispositivos actuales y anteriores.<\/p>\n<ul>\n<li><strong>Carga<\/strong>: r\u00e1pida m\u00e1x.de 18W<\/li>\n<li><strong>Indicador LED <\/strong><\/li>\n<li><strong>Color:<\/strong> Negro<\/li>\n<li><strong>Dimensiones (Ancho*Alto*Profundidad: <\/strong>\u00a056.3 * 26.0 * 26.0 mm<\/li>\n<li><strong>Peso: <\/strong>19.94 grs.<\/li>\n<\/ul>\n<p>&nbsp;<\/p>\n<h5><strong>*Las im\u00e1genes son a modo ilustrativo.<\/strong><\/h5>\n","protected":false},"excerpt":{"rendered":"<h3><span style=\"color: #339966;\">$ 950<\/span><\/h3>\n","protected":false},"featured_media":1272,"comment_status":"open","ping_status":"closed","template":"","meta":[],"_links":{"self":[{"href":"https:\/\/www.appoloviracel.com.uy\/index.php\/wp-json\/wp\/v2\/product\/1271"}],"collection":[{"href":"https:\/\/www.appoloviracel.com.uy\/index.php\/wp-json\/wp\/v2\/product"}],"about":[{"href":"https:\/\/www.appoloviracel.com.uy\/index.php\/wp-json\/wp\/v2\/types\/product"}],"replies":[{"embeddable":true,"href":"https:\/\/www.appoloviracel.com.uy\/index.php\/wp-json\/wp\/v2\/comments?post=1271"}],"wp:featuredmedia":[{"embeddable":true,"href":"https:\/\/www.appoloviracel.com.uy\/index.php\/wp-json\/wp\/v2\/media\/1272"}],"wp:attachment":[{"href":"https:\/\/www.appoloviracel.com.uy\/index.php\/wp-json\/wp\/v2\/media?parent=1271"}],"curies":[{"name":"wp","href":"https:\/\/api.w.org\/{rel}","templated":true}]}}