{"id":1250,"date":"2020-11-06T17:35:35","date_gmt":"2020-11-06T20:35:35","guid":{"rendered":"https:\/\/www.appoloviracel.com.uy\/?post_type=product&#038;p=1250"},"modified":"2021-04-30T21:49:35","modified_gmt":"2021-05-01T00:49:35","slug":"cable-de-datos-samsung-2en1-tipo-c-micro-usb-ep-dg930d","status":"publish","type":"product","link":"https:\/\/www.appoloviracel.com.uy\/index.php\/product\/cable-de-datos-samsung-2en1-tipo-c-micro-usb-ep-dg930d\/","title":{"rendered":"Cable SAMSUNG \u00abEP-DG930D\u00bb, 2en1, Tipo-C y Micro USB"},"content":{"rendered":"<h4>Caracter\u00edsticas y especificaciones:<\/h4>\n<ul>\n<li>Permite que el cable sea compatible con dispositivos tipo C y Micro USB. M\u00e1s conveniente de utilizar, ninguna necesidad de llevar diversos cables.<\/li>\n<li>Funciona con la mayor\u00eda de los dispositivos Micro USB y tipo C habilitados como Samsung Galaxy S10\/S10 Plus\/S9\/S9 Plus\/S8\/S8+\/A3\/A5 2017\/J3\/J5 2017, Huawei P30\/P30 pro\/P20\/P10\/P10 Lite\/P9\/P9 Lite\/Honor 9\/8, LG G6\/G5, Asus Zenfone 3, Nexus 6P\/5X, Oneplus 2\/3\/5, Xiaomi Mi 5\/6, Nintendo Switch, New Apple MacBook 12\u00bb, MacBook Pro 2016, ChromeBook Pixel,Samsung Note 3 \/ 4 \/ 5, Galaxy S6 \/ S6 Edge \/ S7 \/ S7 Edge, Nokia Lumia y m\u00e1s.<\/li>\n<li>Constru\u00eddo en una resistencia 56Kohm, el cable ofrecer\u00e1 con seguridad m\u00e1xima carga m\u00e1xima de 2.4A y transferencia de alta velocidad de 480Mbps.<\/li>\n<li>Los \u00a03 conectores est\u00e1n chapados para proporcionar la m\u00e1xima conductividad y construidos con aluminio robusto, y el cable en s\u00ed est\u00e1 todo cubierto por material de primera calidad, altamente flexible.<\/li>\n<li><strong>Largo del Cable:<\/strong> 1.5 m<\/li>\n<li><strong>Peso: <\/strong>28.2 grs.<\/li>\n<\/ul>\n<p>&nbsp;<\/p>\n<h5><strong>*Las im\u00e1genes son a modo ilustrativo.<\/strong><\/h5>\n","protected":false},"excerpt":{"rendered":"<h3><span style=\"color: #339966;\">$ 990<\/span><\/h3>\n","protected":false},"featured_media":3939,"comment_status":"open","ping_status":"closed","template":"","meta":[],"_links":{"self":[{"href":"https:\/\/www.appoloviracel.com.uy\/index.php\/wp-json\/wp\/v2\/product\/1250"}],"collection":[{"href":"https:\/\/www.appoloviracel.com.uy\/index.php\/wp-json\/wp\/v2\/product"}],"about":[{"href":"https:\/\/www.appoloviracel.com.uy\/index.php\/wp-json\/wp\/v2\/types\/product"}],"replies":[{"embeddable":true,"href":"https:\/\/www.appoloviracel.com.uy\/index.php\/wp-json\/wp\/v2\/comments?post=1250"}],"wp:featuredmedia":[{"embeddable":true,"href":"https:\/\/www.appoloviracel.com.uy\/index.php\/wp-json\/wp\/v2\/media\/3939"}],"wp:attachment":[{"href":"https:\/\/www.appoloviracel.com.uy\/index.php\/wp-json\/wp\/v2\/media?parent=1250"}],"curies":[{"name":"wp","href":"https:\/\/api.w.org\/{rel}","templated":true}]}}