{"id":12075,"date":"2022-03-16T22:41:43","date_gmt":"2022-03-17T01:41:43","guid":{"rendered":"https:\/\/www.appoloviracel.com.uy\/?post_type=product&#038;p=12075"},"modified":"2022-04-27T16:54:39","modified_gmt":"2022-04-27T19:54:39","slug":"mouse-pad-fantech-sven-mp-35-gaming","status":"publish","type":"product","link":"https:\/\/www.appoloviracel.com.uy\/index.php\/product\/mouse-pad-fantech-sven-mp-35-gaming\/","title":{"rendered":"Mouse Pad Fantech \u00abSven MP 35\u00bb Gaming"},"content":{"rendered":"<h4>Caracter\u00edsticas y especificaciones:<\/h4>\n<p>El mouse pad gamer Fantech SVEN MP35 Sakura Pink Edition de base alta antideslizante, con borde cosido, proporciona una superficie muy texturizada resistente al agua, para aumentar la experiencia de selecci\u00f3n de velocidad y tambi\u00e9n mejora la durabilidad para evitar manchas de l\u00edquido. Cuenta con un grosor optimizado de 3 mm de altura. El material de goma natural no es t\u00f3xico y es ecol\u00f3gico.<\/p>\n<h5><strong>*Las im\u00e1genes son a modo ilustrativo.<\/strong><\/h5>\n","protected":false},"excerpt":{"rendered":"<h3><span style=\"color: #008000;\"><strong>U$S 9<\/strong><\/span><\/h3>\n","protected":false},"featured_media":12076,"comment_status":"open","ping_status":"closed","template":"","meta":[],"_links":{"self":[{"href":"https:\/\/www.appoloviracel.com.uy\/index.php\/wp-json\/wp\/v2\/product\/12075"}],"collection":[{"href":"https:\/\/www.appoloviracel.com.uy\/index.php\/wp-json\/wp\/v2\/product"}],"about":[{"href":"https:\/\/www.appoloviracel.com.uy\/index.php\/wp-json\/wp\/v2\/types\/product"}],"replies":[{"embeddable":true,"href":"https:\/\/www.appoloviracel.com.uy\/index.php\/wp-json\/wp\/v2\/comments?post=12075"}],"wp:featuredmedia":[{"embeddable":true,"href":"https:\/\/www.appoloviracel.com.uy\/index.php\/wp-json\/wp\/v2\/media\/12076"}],"wp:attachment":[{"href":"https:\/\/www.appoloviracel.com.uy\/index.php\/wp-json\/wp\/v2\/media?parent=12075"}],"curies":[{"name":"wp","href":"https:\/\/api.w.org\/{rel}","templated":true}]}}