{"id":12041,"date":"2022-03-14T22:00:50","date_gmt":"2022-03-15T01:00:50","guid":{"rendered":"https:\/\/www.appoloviracel.com.uy\/?post_type=product&#038;p=12041"},"modified":"2022-05-04T15:23:36","modified_gmt":"2022-05-04T18:23:36","slug":"auricular-fantech-chief-ii-hg-20-gaming-vincha","status":"publish","type":"product","link":"https:\/\/www.appoloviracel.com.uy\/index.php\/product\/auricular-fantech-chief-ii-hg-20-gaming-vincha\/","title":{"rendered":"Auricular Fantech Chief II \u00abHG 20\u00bb Gaming (Vincha)"},"content":{"rendered":"<h4>Caracter\u00edsticas y especificaciones:<\/h4>\n<p>Fantech es una empresa con gran cuota de mercado en continentes como Asia y Europa.<\/p>\n<p>La marca busca que todos los jugadores posean los mejores componentes para un rendimiento competitivo pero al mejor precio posible; ellos buscan generar piezas que brinden fidelidad cuando se habla de comodidad; velocidad de respuesta; precisi\u00f3n y varios factores m\u00e1s que son diferenciales en el mundo gamer; asegurando tu victoria. \u00a1Prep\u00e1rate para ganar!<\/p>\n<p>\u201cD\u00eda a d\u00eda mejoramos como empresa; poseemos la misma filosof\u00eda que un gamer profesional; mejorando de a poco para llegar hasta lo m\u00e1s alto; brindando lo mejor; para los mejores\u201d.<\/p>\n<p>Efectos de iluminaci\u00f3n RGB le otorgan una est\u00e9tica pensada para el gamer exigente; gracias a sus materiales de primera calidad garantiza una experiencia de primer nivel; super ligeros y duraderos. Control de volumen al alcance de la mano para mayor comodidad; micr\u00f3fono con cancelaci\u00f3n de ruido; categorizado como de los mejores del mercado.<\/p>\n<ul>\n<li><strong>Tipo: Over-Ear \/ Headset<\/strong><\/li>\n<li><strong>Auriculares para juegos estilo diadema<\/strong><\/li>\n<li><strong>Comunicaci\u00f3n: cableado<\/strong><\/li>\n<li><strong>Conectores: USB+3,5 <\/strong><\/li>\n<li><strong>Funci\u00f3n: Micr\u00f3fono<\/strong><\/li>\n<li><strong>Cable 2m<\/strong><\/li>\n<li><strong>Omni Direccional<\/strong><\/li>\n<li><strong>Control de volumen<\/strong><\/li>\n<li><strong>Micr\u00f3fono: Externo (estilo headset)<\/strong><\/li>\n<li><strong>Respuesta en frecuencia: 20 \u2013 20000 Hz.<\/strong><\/li>\n<li><strong>Color: Rosado<\/strong><\/li>\n<li><strong>Iluminaci\u00f3n: RGB<\/strong><\/li>\n<li><strong>Conectividad: 3.5 mm USB 2.0<\/strong><\/li>\n<\/ul>\n<h5><strong>\u00a0<\/strong><\/h5>\n<h5><strong>*Las im\u00e1genes son a modo ilustrativo.<\/strong><\/h5>\n<p>&nbsp;<\/p>\n","protected":false},"excerpt":{"rendered":"<h3><span style=\"color: #008000;\"><strong>U$S 33<\/strong><\/span><\/h3>\n","protected":false},"featured_media":12042,"comment_status":"open","ping_status":"closed","template":"","meta":[],"_links":{"self":[{"href":"https:\/\/www.appoloviracel.com.uy\/index.php\/wp-json\/wp\/v2\/product\/12041"}],"collection":[{"href":"https:\/\/www.appoloviracel.com.uy\/index.php\/wp-json\/wp\/v2\/product"}],"about":[{"href":"https:\/\/www.appoloviracel.com.uy\/index.php\/wp-json\/wp\/v2\/types\/product"}],"replies":[{"embeddable":true,"href":"https:\/\/www.appoloviracel.com.uy\/index.php\/wp-json\/wp\/v2\/comments?post=12041"}],"wp:featuredmedia":[{"embeddable":true,"href":"https:\/\/www.appoloviracel.com.uy\/index.php\/wp-json\/wp\/v2\/media\/12042"}],"wp:attachment":[{"href":"https:\/\/www.appoloviracel.com.uy\/index.php\/wp-json\/wp\/v2\/media?parent=12041"}],"curies":[{"name":"wp","href":"https:\/\/api.w.org\/{rel}","templated":true}]}}