{"id":1176,"date":"2020-11-04T15:45:26","date_gmt":"2020-11-04T18:45:26","guid":{"rendered":"https:\/\/www.appoloviracel.com.uy\/?post_type=product&#038;p=1176"},"modified":"2021-04-27T20:37:32","modified_gmt":"2021-04-27T23:37:32","slug":"cargador-inteligente-standard-roca-5-4a-6-usb","status":"publish","type":"product","link":"https:\/\/www.appoloviracel.com.uy\/index.php\/product\/cargador-inteligente-standard-roca-5-4a-6-usb\/","title":{"rendered":"Cargador ROCA \u00abRC-DC-54\u00bb Inteligente, 6 USB (5.4A)"},"content":{"rendered":"<h4>Caracter\u00edsticas y especificaciones:<\/h4>\n<ul>\n<li><strong>Cargador Standard inteligente con 6 puertos USB<\/strong><strong>Inteligente:<\/strong><\/li>\n<li>Su Smart-IC permite detectar cual es la necesidad y capacidad del dispositivo conectado y direccionar la potencia correcta brindando una carga r\u00e1pida y segura<strong>Amplio:<\/strong><\/li>\n<li>El rango de voltaje, de 100V a 240V, permite su uso en diferentes pa\u00edses y regiones alrededor del mundo<strong>Conveniente:<\/strong><\/li>\n<li>De peque\u00f1o tama\u00f1o y gran potencia, el cargador ROCA MOBILE PRO Series es f\u00e1cil de llevar e ideal para cargar hasta seis dispositivos de cualquier tipo<strong>Refinado:<\/strong><\/li>\n<li>Dise\u00f1o simple y elegante, hecho con materiales seguros y resistentes<strong>Seguro:<\/strong><\/li>\n<li>El cargador ROCA MOBILE RC-DC-54\u00a0est\u00e1 hecho con materiales nobles, que resisten a fuego y altas temperaturas. Superaron las pruebas m\u00e1s exigentes e incluyen varios sistemas de protecci\u00f3n que mantienen a salvo el cargador y sus dispositivos<\/li>\n<li><strong>Especificaciones t\u00e9cnicas:<\/strong>Modelo: RC-DC-54<br \/>\nEntrada: AC100-240V 50-60Hz 1000mA<br \/>\nSalida Total: DC5V=5.4A (MAX)<\/li>\n<\/ul>\n<p>&nbsp;<\/p>\n<h5><strong>*Las im\u00e1genes son a modo ilustrativo.<\/strong><\/h5>\n","protected":false},"excerpt":{"rendered":"<h3><span style=\"color: #339966;\">$ 590<\/span><\/h3>\n","protected":false},"featured_media":1177,"comment_status":"open","ping_status":"closed","template":"","meta":[],"_links":{"self":[{"href":"https:\/\/www.appoloviracel.com.uy\/index.php\/wp-json\/wp\/v2\/product\/1176"}],"collection":[{"href":"https:\/\/www.appoloviracel.com.uy\/index.php\/wp-json\/wp\/v2\/product"}],"about":[{"href":"https:\/\/www.appoloviracel.com.uy\/index.php\/wp-json\/wp\/v2\/types\/product"}],"replies":[{"embeddable":true,"href":"https:\/\/www.appoloviracel.com.uy\/index.php\/wp-json\/wp\/v2\/comments?post=1176"}],"wp:featuredmedia":[{"embeddable":true,"href":"https:\/\/www.appoloviracel.com.uy\/index.php\/wp-json\/wp\/v2\/media\/1177"}],"wp:attachment":[{"href":"https:\/\/www.appoloviracel.com.uy\/index.php\/wp-json\/wp\/v2\/media?parent=1176"}],"curies":[{"name":"wp","href":"https:\/\/api.w.org\/{rel}","templated":true}]}}