{"id":1152,"date":"2020-11-04T15:06:34","date_gmt":"2020-11-04T18:06:34","guid":{"rendered":"https:\/\/www.appoloviracel.com.uy\/?post_type=product&#038;p=1152"},"modified":"2021-03-30T22:49:33","modified_gmt":"2021-03-31T01:49:33","slug":"redcore-rc08-10p-800w-p-m-p-o","status":"publish","type":"product","link":"https:\/\/www.appoloviracel.com.uy\/index.php\/product\/redcore-rc08-10p-800w-p-m-p-o\/","title":{"rendered":"Parlante RedCore \u00abRC08-10P\u00bb (800w-P.M.P.O)"},"content":{"rendered":"<h4>Caracter\u00edsticas y especificaciones:<\/h4>\n<ul>\n<li>Luces Led<\/li>\n<li>Funci\u00f3n inal\u00e1mbrica Bluetooth<\/li>\n<li>Funci\u00f3n Radio FM<\/li>\n<li>Micr\u00f3fono con cable<\/li>\n<li>Puerto USB<\/li>\n<li>Lector MicroSD<\/li>\n<li>Panel de Control (Vol\u00famen, echo, vol\u00famen de micr\u00f3fono)<\/li>\n<li>Entradas de micr\u00f3fono<\/li>\n<li>Bocinas: * 8\u201d<\/li>\n<li>Bluetooth<\/li>\n<li>Radio FM: 87,5 \u2013 108 MHz<\/li>\n<li>Respuesta de frecuencia: 40Hz \u2013 20KHz<\/li>\n<li>Sensitividad: 88dB ( \u00b1 3dB )<\/li>\n<li>Impedancia: 4 \u03a9<\/li>\n<li>Bater\u00eda de Litio recargable<\/li>\n<\/ul>\n<p>&nbsp;<\/p>\n<h5>*Las im\u00e1genes son a modo ilustrativo.<\/h5>\n","protected":false},"excerpt":{"rendered":"<h3><span style=\"color: #339966;\"><strong> U$S 55<\/strong><\/span><\/h3>\n","protected":false},"featured_media":1153,"comment_status":"open","ping_status":"closed","template":"","meta":[],"_links":{"self":[{"href":"https:\/\/www.appoloviracel.com.uy\/index.php\/wp-json\/wp\/v2\/product\/1152"}],"collection":[{"href":"https:\/\/www.appoloviracel.com.uy\/index.php\/wp-json\/wp\/v2\/product"}],"about":[{"href":"https:\/\/www.appoloviracel.com.uy\/index.php\/wp-json\/wp\/v2\/types\/product"}],"replies":[{"embeddable":true,"href":"https:\/\/www.appoloviracel.com.uy\/index.php\/wp-json\/wp\/v2\/comments?post=1152"}],"wp:featuredmedia":[{"embeddable":true,"href":"https:\/\/www.appoloviracel.com.uy\/index.php\/wp-json\/wp\/v2\/media\/1153"}],"wp:attachment":[{"href":"https:\/\/www.appoloviracel.com.uy\/index.php\/wp-json\/wp\/v2\/media?parent=1152"}],"curies":[{"name":"wp","href":"https:\/\/api.w.org\/{rel}","templated":true}]}}