{"id":10673,"date":"2022-02-11T11:17:48","date_gmt":"2022-02-11T14:17:48","guid":{"rendered":"https:\/\/www.appoloviracel.com.uy\/?post_type=product&#038;p=10673"},"modified":"2025-04-16T10:04:24","modified_gmt":"2025-04-16T13:04:24","slug":"parlante-jbl-flip-6-bluetooth","status":"publish","type":"product","link":"https:\/\/www.appoloviracel.com.uy\/index.php\/product\/parlante-jbl-flip-6-bluetooth\/","title":{"rendered":"Parlante JBL \u00abFlip 6\u00bb (Bluetooth)"},"content":{"rendered":"<h4>Caracter\u00edsticas y especificaciones:<\/h4>\n<p>JBL renov\u00f3 su gama de altavoces con nuevas propuestas. Con ellas la marca busca cubrir las necesidades particulares de cada usuario, aunque hay una en especial que destaca sobre el resto. El nuevo JBL Flip 6, un altavoz port\u00e1til que resulta interesante tanto para tus salidas al exterior como para cuando te quedas en casa y quieres ambientar un encuentro con amigos o simplemente mejorar tu propia experiencia sonora.<\/p>\n<p>Los altavoces port\u00e1tiles de JBL son desde hace tiempo un producto bastante f\u00e1cil de reconocer. En particular la familia Flip ha sido capaz de ofrecer un dise\u00f1o bastante ic\u00f3nico. Vale, no rompe moldes y puede que incluso te recuerde a muchos altavoces de otras marcas, pero siempre hay alg\u00fan detalle que hace que sean sencillos de identificar entre la multitud.<\/p>\n<p>El nuevo Flip 6 mantiene esa misma esencia, lo cual es importante destacar pues resulta dif\u00edcil mantener esa est\u00e9tica reconocida y, a su vez, ofrecer al usuario algo m\u00e1s actualizado y moderno. \u00bfLo consiguen? Pues creemos que s\u00ed.<\/p>\n<p>Por supuesto los que conozcan modelos pasados puede que lo vean como una renovaci\u00f3n con pocos cambios significativos, aunque seguir manteniendo un producto atractivos y a la par que sea funcional tiene m\u00e9rito.<\/p>\n<p>Pero no puedes quedarte s\u00f3lo con el exterior, en el interior tambi\u00e9n hay cambios.<\/p>\n<p>Para empezar, los JBL Flip 6 ofrecen un dise\u00f1o cil\u00edndrico que permite disfrutar de un producto con claras ventajas a la hora de usarlo y tambi\u00e9n de transportarlo de un lado a otro. Porque no hay que olvidar que uno de los principales atractivos es la posibilidad de llevarse este altavoz de un lado a otro para disputa de tu m\u00fasica favorita as\u00ed como otros contenidos audiovisuales. o simplemente de audio tipo podcasts. El Flip 6 aplica algunos cambios al exterior que afectan a los botones de control, los materiales y calidades del exterior, variedad de colores y alg\u00fan detalle adicional respecto a los botones de control, tama\u00f1o del logo de JBL, etc. Y si te lo preguntas, est\u00e1 disponible en nueve colores diferentes, estos son: Dusty Pink, Grey Stone, River Teal, Fiesta Red, Ocean Blue, Midnight Black, Steel White, Forest Green o Squad<\/p>\n<h5>Un sonido m\u00e1s alto y potente<\/h5>\n<p>El ritmo no para con el sistema de altavoces de 2 v\u00edas del JBL Flip 6, dise\u00f1ado para ofrecer un sonido n\u00edtido y potente. El altavoz de bajos con forma de circuito de carreras ofrece frecuencias bajas y gamas medias excepcionales, mientras que un altavoz de agudos independiente produce frecuencias altas n\u00edtidas y claras. El Flip 6 tambi\u00e9n cuenta con radiadores pasivos duales optimizados para graves profundos, ajustados con el algoritmo avanzado de Harman.<\/p>\n<h5>Resistente al polvo y el agua conforme a la norma IP67<\/h5>\n<p>Para ir a la piscina. Para ir al parque. El JBL Flip 6 es resistente al polvo y al agua conforme a la norma IP67 para que puedas llevar tu altavoz a cualquier parte.<\/p>\n<h5>12 horas de tiempo de reproducci\u00f3n<\/h5>\n<p>No te preocupes por cosas sin importancia como cargar la bater\u00eda. El JBL Flip 6 te da hasta 12 horas de tiempo de reproducci\u00f3n con una sola carga.<\/p>\n<h5><strong>*Las im\u00e1genes son a modo ilustrativo.<\/strong><\/h5>\n","protected":false},"excerpt":{"rendered":"<h3><span style=\"color: #008000;\"><strong>U$S 165<\/strong><\/span><\/h3>\n","protected":false},"featured_media":10674,"comment_status":"open","ping_status":"closed","template":"","meta":[],"_links":{"self":[{"href":"https:\/\/www.appoloviracel.com.uy\/index.php\/wp-json\/wp\/v2\/product\/10673"}],"collection":[{"href":"https:\/\/www.appoloviracel.com.uy\/index.php\/wp-json\/wp\/v2\/product"}],"about":[{"href":"https:\/\/www.appoloviracel.com.uy\/index.php\/wp-json\/wp\/v2\/types\/product"}],"replies":[{"embeddable":true,"href":"https:\/\/www.appoloviracel.com.uy\/index.php\/wp-json\/wp\/v2\/comments?post=10673"}],"wp:featuredmedia":[{"embeddable":true,"href":"https:\/\/www.appoloviracel.com.uy\/index.php\/wp-json\/wp\/v2\/media\/10674"}],"wp:attachment":[{"href":"https:\/\/www.appoloviracel.com.uy\/index.php\/wp-json\/wp\/v2\/media?parent=10673"}],"curies":[{"name":"wp","href":"https:\/\/api.w.org\/{rel}","templated":true}]}}