{"id":10656,"date":"2022-02-10T23:21:52","date_gmt":"2022-02-11T02:21:52","guid":{"rendered":"https:\/\/www.appoloviracel.com.uy\/?post_type=product&#038;p=10656"},"modified":"2022-09-07T16:42:08","modified_gmt":"2022-09-07T19:42:08","slug":"celular-samsung-galaxy-a22-128gb","status":"publish","type":"product","link":"https:\/\/www.appoloviracel.com.uy\/index.php\/product\/celular-samsung-galaxy-a22-128gb\/","title":{"rendered":"Celular Samsung \u00abGalaxy A22\u00bb (128Gb)"},"content":{"rendered":"<h4>Caracter\u00edsticas y especificaciones:<\/h4>\n<p>El <strong>Samsung Galaxy A22<\/strong> es la variante 4G LTE que llega con grandes diferencias en sus caracter\u00edsticas respecto de la variante 5G, con una pantalla HD+ de 6.4 pulgadas. Potenciado por un procesador Helio G80 de MediaTek, el Galaxy A22 cuenta con 4GB o 6GB de RAM y 64GB o 128GB de almacenamiento interno expandible. La c\u00e1mara posterior del Galaxy A22 es cu\u00e1druple, en configuraci\u00f3n 48MP + 8MP + 2MP + 2MP, mientras que la c\u00e1mara frontal es de 13MP. El Samsung Galaxy A22 completa sus caracter\u00edsticas con una bater\u00eda de 5000 mAh de carga r\u00e1pida, lector de huellas montado de costado, y corre Android 11 con la interfaz One UI.<\/p>\n<ul>\n<li>Pantalla Super AMOLED de 6.4\u00a0 pulgadas.<\/li>\n<li>Tiene 4 c\u00e1maras traseras de 48Mpx\/8Mpx\/2Mpx\/2Mpx.<\/li>\n<li>C\u00e1mara delantera de 13Mpx.<\/li>\n<li>Procesador MediaTek Helio G80 Octa-Core de 2GHz con 4GB de RAM.<\/li>\n<li>Bater\u00eda de 5000mAh.<\/li>\n<li>Memoria interna de 128GB. Apto para tarjeta SD de 1TB.<\/li>\n<li>Con sensor de huella dactilar.<\/li>\n<li>Se incluyen los siguientes accesorios: <strong>Cargador y Manual\u00a0 <\/strong><\/li>\n<li><strong>Garant\u00eda:<\/strong> 12 meses contra defecto de fabricaci\u00f3n<\/li>\n<\/ul>\n<p>&nbsp;<\/p>\n<h4><span style=\"color: #ff0000;\"><strong>Contado efectivo: 10% de Descuento<\/strong><\/span><\/h4>\n<h5><strong>*Las im\u00e1genes son a modo ilustrativo.<\/strong><\/h5>\n","protected":false},"excerpt":{"rendered":"<h3><span style=\"color: #339966;\"><strong>U$S 310<\/strong><\/span><\/h3>\n","protected":false},"featured_media":10657,"comment_status":"open","ping_status":"closed","template":"","meta":[],"_links":{"self":[{"href":"https:\/\/www.appoloviracel.com.uy\/index.php\/wp-json\/wp\/v2\/product\/10656"}],"collection":[{"href":"https:\/\/www.appoloviracel.com.uy\/index.php\/wp-json\/wp\/v2\/product"}],"about":[{"href":"https:\/\/www.appoloviracel.com.uy\/index.php\/wp-json\/wp\/v2\/types\/product"}],"replies":[{"embeddable":true,"href":"https:\/\/www.appoloviracel.com.uy\/index.php\/wp-json\/wp\/v2\/comments?post=10656"}],"wp:featuredmedia":[{"embeddable":true,"href":"https:\/\/www.appoloviracel.com.uy\/index.php\/wp-json\/wp\/v2\/media\/10657"}],"wp:attachment":[{"href":"https:\/\/www.appoloviracel.com.uy\/index.php\/wp-json\/wp\/v2\/media?parent=10656"}],"curies":[{"name":"wp","href":"https:\/\/api.w.org\/{rel}","templated":true}]}}