{"id":1037,"date":"2020-10-30T23:03:26","date_gmt":"2020-10-31T02:03:26","guid":{"rendered":"https:\/\/www.appoloviracel.com.uy\/?post_type=product&#038;p=1037"},"modified":"2021-03-30T22:52:42","modified_gmt":"2021-03-31T01:52:42","slug":"sony-srs-xb22","status":"publish","type":"product","link":"https:\/\/www.appoloviracel.com.uy\/index.php\/product\/sony-srs-xb22\/","title":{"rendered":"Parlante Sony \u00abSRS-XB22\u00bb"},"content":{"rendered":"<h4>Caracter\u00edsticas y especificaciones:<\/h4>\n<ul>\n<li>Parlante Port\u00e1til SONY SRS-XB22<\/li>\n<li>Altavoz de 2 canales<\/li>\n<li>Luces lineales de un solo color<\/li>\n<li>Resistente al agua para un uso sin preocupaciones \u2013 IP67<\/li>\n<li>Duraci\u00f3n de la Bater\u00eda: Aprox. 12 horas<\/li>\n<li>Amplificador digital con tecnolog\u00eda S-Master<\/li>\n<li>EXTRA BASS para un sonido profundo e impactante<\/li>\n<li>Perfeccionamiento de sonido, y experiencia de audio en alta calidad con ClearAudio<\/li>\n<li>DSEE optimiza el audio de tu m\u00fasica<\/li>\n<li>Conectividad Bluetooth 4.2 sencilla y NFC One-Touch<\/li>\n<li>Audio inal\u00e1mbrico de alta calidad con LDAC<\/li>\n<li>Aplicaci\u00f3n m\u00f3vil SongPal para un control sencillo y una reproducci\u00f3n de m\u00fasica de varios parlantes<\/li>\n<li>Micr\u00f3fono integrado para llamadas con manos libres<\/li>\n<li>Conecta hasta 100 equipos con Wireless Party Chain<\/li>\n<li>Peso 540 grs<\/li>\n<li>Medidas: Ancho 20.1 cm * Alto 7.2 cm * Profundidad 6.8 cm<\/li>\n<li><strong>Garant\u00eda:<\/strong> 6 meses contra defecto de fabricaci\u00f3n<\/li>\n<\/ul>\n<p>&nbsp;<\/p>\n<h5>*Las im\u00e1genes son a modo ilustrativo.<\/h5>\n","protected":false},"excerpt":{"rendered":"<h3><span style=\"color: #339966;\"><strong>U$S 149<\/strong><\/span><\/h3>\n","protected":false},"featured_media":1038,"comment_status":"open","ping_status":"closed","template":"","meta":[],"_links":{"self":[{"href":"https:\/\/www.appoloviracel.com.uy\/index.php\/wp-json\/wp\/v2\/product\/1037"}],"collection":[{"href":"https:\/\/www.appoloviracel.com.uy\/index.php\/wp-json\/wp\/v2\/product"}],"about":[{"href":"https:\/\/www.appoloviracel.com.uy\/index.php\/wp-json\/wp\/v2\/types\/product"}],"replies":[{"embeddable":true,"href":"https:\/\/www.appoloviracel.com.uy\/index.php\/wp-json\/wp\/v2\/comments?post=1037"}],"wp:featuredmedia":[{"embeddable":true,"href":"https:\/\/www.appoloviracel.com.uy\/index.php\/wp-json\/wp\/v2\/media\/1038"}],"wp:attachment":[{"href":"https:\/\/www.appoloviracel.com.uy\/index.php\/wp-json\/wp\/v2\/media?parent=1037"}],"curies":[{"name":"wp","href":"https:\/\/api.w.org\/{rel}","templated":true}]}}