{"id":1022,"date":"2020-10-30T22:45:54","date_gmt":"2020-10-31T01:45:54","guid":{"rendered":"https:\/\/www.appoloviracel.com.uy\/?post_type=product&#038;p=1022"},"modified":"2021-03-30T22:50:46","modified_gmt":"2021-03-31T01:50:46","slug":"sony-ht-s100f-barra-de-sonido","status":"publish","type":"product","link":"https:\/\/www.appoloviracel.com.uy\/index.php\/product\/sony-ht-s100f-barra-de-sonido\/","title":{"rendered":"Parlante Sony \u00abHT-S100F\u00bb (Barra de Sonido)"},"content":{"rendered":"<h4>Caracter\u00edsticas y especificaciones:<\/h4>\n<p><strong>IMPORTANTE:<\/strong> Antes conectar y operar, lea atenta y detalladamente el manual de Instrucciones<\/p>\n<p><strong>Recuerde<\/strong> que un mal uso de este aparato podr\u00eda <strong>ANULAR <\/strong>la <strong>GARANTIA<\/strong><\/p>\n<p>Obtenga calidad de audio mejorada para sus programas de TV y pel\u00edculas favoritas con la barra de sonido est\u00e9reo Sony HT-S100F . Emite hasta 120 W para ofrecer un audio m\u00e1s potente que el que se puede encontrar en los t\u00edpicos altavoces de pantalla plana. La barra de sonido cuenta con una entrada de audio \u00f3ptica y un puerto USB para conectar unidades compatibles. Su conexi\u00f3n HDMI ARC brinda sonido basado en la visualizaci\u00f3n, como el de aplicaciones incorporadas como Netflix o YouTube, directamente en la barra de sonido. El HT-S100F tambi\u00e9n cuenta con Bluetooth para vincular con su dispositivo inteligente o pantalla compatible y la transmisi\u00f3n inal\u00e1mbrica de su contenido de audio.<\/p>\n<ul>\n<li>Configuraci\u00f3n de 2 canales<\/li>\n<li>Hasta 120W de potencia total<\/li>\n<li>Transmisi\u00f3n de audio por Bluetooth<\/li>\n<li>Tecnolog\u00eda de sonido envolvente S-Force<\/li>\n<li>Entrada \u00f3ptica<\/li>\n<li>Entrada USB<\/li>\n<li>HDMI ARC Audio<\/li>\n<li>Incluye cable \u00f3ptico<\/li>\n<li>Sistema de 2 canales<\/li>\n<li>Salida de potencia 2 * 60 W<\/li>\n<li>Controladores: 2x 0.98&#8243; \/ 25 mm tweeters; 2* 1.89*3.54&#8243; \/ 48 x 90 mm papers woofers<\/li>\n<li>Dise\u00f1o del altavoz: Reflejo de bajo<\/li>\n<li>Descodificaci\u00f3n de audio: Dolby Dual Mono, Dolby Digital, LPCM de 2 canales (48 kHz, 24 bits)<\/li>\n<li>Conectividad Bluetooth versi\u00f3n 4.2<\/li>\n<li>Compatibilidad con Bluetooth SBC<\/li>\n<li>Entrada \u00f3ptica TOSLINK<\/li>\n<li>Entrada USB tipo-A<\/li>\n<li>ARC (canal de retorno de audio) a trav\u00e9s de HDMI<\/li>\n<li>Formatos USB WAV, MP3, WMA (48 KHz)<\/li>\n<li>Soporte de Drive FAT16, FAT32, NTFS<\/li>\n<li>Montable en la pared<\/li>\n<li>Dimensiones (Ancho x Alto x Profundidad)(Aprox) 35.5 * 2.5 * 3.5 \u00ab\/ 90.17 * 3.35 * 8.89 cm<\/li>\n<li>Peso (aproximado) 5.29 lb \/ 2.4 kg<\/li>\n<li><strong>Garant\u00eda:<\/strong> 6 meses contra defecto de fabricaci\u00f3n<\/li>\n<\/ul>\n<p>&nbsp;<\/p>\n<h5>*Las im\u00e1genes son a modo ilustrativo.<\/h5>\n","protected":false},"excerpt":{"rendered":"<h3><span style=\"color: #339966;\"><strong>U$S 239<\/strong><\/span><\/h3>\n","protected":false},"featured_media":1023,"comment_status":"open","ping_status":"closed","template":"","meta":[],"_links":{"self":[{"href":"https:\/\/www.appoloviracel.com.uy\/index.php\/wp-json\/wp\/v2\/product\/1022"}],"collection":[{"href":"https:\/\/www.appoloviracel.com.uy\/index.php\/wp-json\/wp\/v2\/product"}],"about":[{"href":"https:\/\/www.appoloviracel.com.uy\/index.php\/wp-json\/wp\/v2\/types\/product"}],"replies":[{"embeddable":true,"href":"https:\/\/www.appoloviracel.com.uy\/index.php\/wp-json\/wp\/v2\/comments?post=1022"}],"wp:featuredmedia":[{"embeddable":true,"href":"https:\/\/www.appoloviracel.com.uy\/index.php\/wp-json\/wp\/v2\/media\/1023"}],"wp:attachment":[{"href":"https:\/\/www.appoloviracel.com.uy\/index.php\/wp-json\/wp\/v2\/media?parent=1022"}],"curies":[{"name":"wp","href":"https:\/\/api.w.org\/{rel}","templated":true}]}}