{"id":1003,"date":"2020-10-30T19:55:39","date_gmt":"2020-10-30T22:55:39","guid":{"rendered":"https:\/\/www.appoloviracel.com.uy\/?post_type=product&#038;p=1003"},"modified":"2021-11-02T11:43:29","modified_gmt":"2021-11-02T14:43:29","slug":"tg-tg113","status":"publish","type":"product","link":"https:\/\/www.appoloviracel.com.uy\/index.php\/product\/tg-tg113\/","title":{"rendered":"Parlante T&#038;G \u00abTG113\u00bb"},"content":{"rendered":"<h4>Caracter\u00edsticas y especificaciones:<\/h4>\n<ul>\n<li><strong>Este altavoz es IPX4 resistente al agua, pero no se puede lanzar al agua<\/strong><\/li>\n<li>Este altavoz es f\u00e1cil de conectar, tiene graves est\u00e9reo surround<\/li>\n<li>Compatible con tarjeta TF y disco USB<\/li>\n<li>Tama\u00f1o port\u00e1til, f\u00e1cil y c\u00f3modo de llevar<\/li>\n<li>Reducci\u00f3n de ruido para una mejor experiencia musical<\/li>\n<li>Tipo de art\u00edculo: Altavoz<\/li>\n<li>Material principal: pl\u00e1stico<\/li>\n<li>Color: camuflaje, rojo, verde, azul, negro, naranja, plata (opcional)<\/li>\n<li>Distancia de transmisi\u00f3n: 10m<\/li>\n<li>Respuesta de frecuencia: 100HZ-20KHZ<\/li>\n<li>Versi\u00f3n BT: 3,0<\/li>\n<li>Controlador de altavoz: 52mm * 2<\/li>\n<li>Potencia del altavoz: 5W * 2<\/li>\n<li>Tipo de interfaz: lector de tarjetas<\/li>\n<li>SNR: \u2265 75dB<\/li>\n<li>Tipo de conexi\u00f3n: BT<\/li>\n<li>Peso: 500g<\/li>\n<li>Tama\u00f1o: 185*85*85mm<\/li>\n<li><strong>Garant\u00eda:<\/strong> 6 meses contra defecto de fabricaci\u00f3n<\/li>\n<\/ul>\n<p>&nbsp;<\/p>\n<h5>*Las im\u00e1genes son a modo ilustrativo.<\/h5>\n","protected":false},"excerpt":{"rendered":"<h3><span style=\"color: #339966;\"><strong>$ 790<\/strong><\/span><\/h3>\n","protected":false},"featured_media":1004,"comment_status":"open","ping_status":"closed","template":"","meta":[],"_links":{"self":[{"href":"https:\/\/www.appoloviracel.com.uy\/index.php\/wp-json\/wp\/v2\/product\/1003"}],"collection":[{"href":"https:\/\/www.appoloviracel.com.uy\/index.php\/wp-json\/wp\/v2\/product"}],"about":[{"href":"https:\/\/www.appoloviracel.com.uy\/index.php\/wp-json\/wp\/v2\/types\/product"}],"replies":[{"embeddable":true,"href":"https:\/\/www.appoloviracel.com.uy\/index.php\/wp-json\/wp\/v2\/comments?post=1003"}],"wp:featuredmedia":[{"embeddable":true,"href":"https:\/\/www.appoloviracel.com.uy\/index.php\/wp-json\/wp\/v2\/media\/1004"}],"wp:attachment":[{"href":"https:\/\/www.appoloviracel.com.uy\/index.php\/wp-json\/wp\/v2\/media?parent=1003"}],"curies":[{"name":"wp","href":"https:\/\/api.w.org\/{rel}","templated":true}]}}