{"id":3609,"date":"2021-09-26T21:38:37","date_gmt":"2021-09-27T00:38:37","guid":{"rendered":"https:\/\/www.appoloviracel.com.uy\/?page_id=3609"},"modified":"2022-12-22T11:56:27","modified_gmt":"2022-12-22T14:56:27","slug":"comunicate-con-nosotros","status":"publish","type":"page","link":"https:\/\/www.appoloviracel.com.uy\/index.php\/comunicate-con-nosotros\/","title":{"rendered":"Comunicate con nosotros"},"content":{"rendered":"\n<figure class=\"wp-block-image size-large is-style-default\"><img loading=\"lazy\" width=\"1024\" height=\"1024\" src=\"https:\/\/www.appoloviracel.com.uy\/wp-content\/uploads\/2021\/09\/05-Comunicate-1024x1024.jpg\" alt=\"\" class=\"wp-image-6973\" srcset=\"https:\/\/www.appoloviracel.com.uy\/wp-content\/uploads\/2021\/09\/05-Comunicate-1024x1024.jpg 1024w, https:\/\/www.appoloviracel.com.uy\/wp-content\/uploads\/2021\/09\/05-Comunicate-300x300.jpg 300w, https:\/\/www.appoloviracel.com.uy\/wp-content\/uploads\/2021\/09\/05-Comunicate-150x150.jpg 150w, https:\/\/www.appoloviracel.com.uy\/wp-content\/uploads\/2021\/09\/05-Comunicate-768x768.jpg 768w, https:\/\/www.appoloviracel.com.uy\/wp-content\/uploads\/2021\/09\/05-Comunicate-600x600.jpg 600w, https:\/\/www.appoloviracel.com.uy\/wp-content\/uploads\/2021\/09\/05-Comunicate-100x100.jpg 100w, https:\/\/www.appoloviracel.com.uy\/wp-content\/uploads\/2021\/09\/05-Comunicate.jpg 1080w\" sizes=\"(max-width: 1024px) 100vw, 1024px\" \/><\/figure>\n\n\n\n<p><h3><p><strong>Te bridamos una atenci\u00f3n personalizada con nuestro equipo t\u00e9cnico y garant\u00eda en todos nuestros productos.<\/strong><\/p><\/h3><\/p>\n\n\n\n<div class=\"wp-block-image\"><figure class=\"alignright size-large\"><a href=\"https:\/\/www.facebook.com\/pg\/appoloviracel\/posts\/\"><img loading=\"lazy\" width=\"173\" height=\"173\" src=\"https:\/\/www.appoloviracel.com.uy\/wp-content\/uploads\/2021\/01\/facebook.jpg\" alt=\"\" class=\"wp-image-3661\" srcset=\"https:\/\/www.appoloviracel.com.uy\/wp-content\/uploads\/2021\/01\/facebook.jpg 173w, https:\/\/www.appoloviracel.com.uy\/wp-content\/uploads\/2021\/01\/facebook-150x150.jpg 150w, https:\/\/www.appoloviracel.com.uy\/wp-content\/uploads\/2021\/01\/facebook-100x100.jpg 100w\" sizes=\"(max-width: 173px) 100vw, 173px\" \/><\/a><\/figure><\/div>\n\n\n\n<div class=\"wp-block-group\"><div class=\"wp-block-group__inner-container\">\n<div class=\"wp-block-group\"><div class=\"wp-block-group__inner-container\">\n<div class=\"wp-block-image is-style-rounded\"><figure class=\"alignleft size-large\"><img loading=\"lazy\" width=\"197\" height=\"194\" src=\"https:\/\/www.appoloviracel.com.uy\/wp-content\/uploads\/2021\/01\/whatsapp2.jpg\" alt=\"\" class=\"wp-image-3662\"\/><figcaption>092 416901 \u2013 099 755 544<\/figcaption><\/figure><\/div>\n<\/div><\/div>\n<\/div><\/div>\n","protected":false},"excerpt":{"rendered":"<p>Te bridamos una atenci\u00f3n personalizada con nuestro equipo t\u00e9cnico y garant\u00eda en [&hellip;]<\/p>\n","protected":false},"author":3,"featured_media":6973,"parent":0,"menu_order":0,"comment_status":"closed","ping_status":"closed","template":"","meta":[],"_links":{"self":[{"href":"https:\/\/www.appoloviracel.com.uy\/index.php\/wp-json\/wp\/v2\/pages\/3609"}],"collection":[{"href":"https:\/\/www.appoloviracel.com.uy\/index.php\/wp-json\/wp\/v2\/pages"}],"about":[{"href":"https:\/\/www.appoloviracel.com.uy\/index.php\/wp-json\/wp\/v2\/types\/page"}],"author":[{"embeddable":true,"href":"https:\/\/www.appoloviracel.com.uy\/index.php\/wp-json\/wp\/v2\/users\/3"}],"replies":[{"embeddable":true,"href":"https:\/\/www.appoloviracel.com.uy\/index.php\/wp-json\/wp\/v2\/comments?post=3609"}],"version-history":[{"count":29,"href":"https:\/\/www.appoloviracel.com.uy\/index.php\/wp-json\/wp\/v2\/pages\/3609\/revisions"}],"predecessor-version":[{"id":28264,"href":"https:\/\/www.appoloviracel.com.uy\/index.php\/wp-json\/wp\/v2\/pages\/3609\/revisions\/28264"}],"wp:featuredmedia":[{"embeddable":true,"href":"https:\/\/www.appoloviracel.com.uy\/index.php\/wp-json\/wp\/v2\/media\/6973"}],"wp:attachment":[{"href":"https:\/\/www.appoloviracel.com.uy\/index.php\/wp-json\/wp\/v2\/media?parent=3609"}],"curies":[{"name":"wp","href":"https:\/\/api.w.org\/{rel}","templated":true}]}}