{"id":3591,"date":"2021-09-26T21:31:08","date_gmt":"2021-09-27T00:31:08","guid":{"rendered":"https:\/\/www.appoloviracel.com.uy\/?page_id=3591"},"modified":"2021-09-26T21:31:09","modified_gmt":"2021-09-27T00:31:09","slug":"reparamos-celulares","status":"publish","type":"page","link":"https:\/\/www.appoloviracel.com.uy\/index.php\/reparamos-celulares\/","title":{"rendered":"Reparamos celulares"},"content":{"rendered":"\n<figure class=\"wp-block-image size-large is-style-default\"><img loading=\"lazy\" width=\"1024\" height=\"1024\" src=\"https:\/\/www.appoloviracel.com.uy\/wp-content\/uploads\/2021\/09\/01-Reparamos-Celulares-1024x1024.jpg\" alt=\"\" class=\"wp-image-6965\" srcset=\"https:\/\/www.appoloviracel.com.uy\/wp-content\/uploads\/2021\/09\/01-Reparamos-Celulares-1024x1024.jpg 1024w, https:\/\/www.appoloviracel.com.uy\/wp-content\/uploads\/2021\/09\/01-Reparamos-Celulares-300x300.jpg 300w, https:\/\/www.appoloviracel.com.uy\/wp-content\/uploads\/2021\/09\/01-Reparamos-Celulares-150x150.jpg 150w, https:\/\/www.appoloviracel.com.uy\/wp-content\/uploads\/2021\/09\/01-Reparamos-Celulares-768x768.jpg 768w, https:\/\/www.appoloviracel.com.uy\/wp-content\/uploads\/2021\/09\/01-Reparamos-Celulares-600x600.jpg 600w, https:\/\/www.appoloviracel.com.uy\/wp-content\/uploads\/2021\/09\/01-Reparamos-Celulares-100x100.jpg 100w, https:\/\/www.appoloviracel.com.uy\/wp-content\/uploads\/2021\/09\/01-Reparamos-Celulares.jpg 1080w\" sizes=\"(max-width: 1024px) 100vw, 1024px\" \/><\/figure>\n\n\n\n<p><h3><p><strong>Si tu tel\u00e9fono se moj\u00f3, golpe\u00f3 o tiene alg\u00fan desperfecto f\u00edsico, nosotros lo reparamos. Esto incluye cambios de pantalla, flex de carga, altavoz, micr\u00f3fono, auricular, conectores, etc.<\/strong><\/p><\/h3><\/p>\n","protected":false},"excerpt":{"rendered":"<p>Si tu tel\u00e9fono se moj\u00f3, golpe\u00f3 o tiene alg\u00fan desperfecto f\u00edsico, nosotros [&hellip;]<\/p>\n","protected":false},"author":3,"featured_media":6965,"parent":0,"menu_order":0,"comment_status":"closed","ping_status":"closed","template":"","meta":[],"_links":{"self":[{"href":"https:\/\/www.appoloviracel.com.uy\/index.php\/wp-json\/wp\/v2\/pages\/3591"}],"collection":[{"href":"https:\/\/www.appoloviracel.com.uy\/index.php\/wp-json\/wp\/v2\/pages"}],"about":[{"href":"https:\/\/www.appoloviracel.com.uy\/index.php\/wp-json\/wp\/v2\/types\/page"}],"author":[{"embeddable":true,"href":"https:\/\/www.appoloviracel.com.uy\/index.php\/wp-json\/wp\/v2\/users\/3"}],"replies":[{"embeddable":true,"href":"https:\/\/www.appoloviracel.com.uy\/index.php\/wp-json\/wp\/v2\/comments?post=3591"}],"version-history":[{"count":7,"href":"https:\/\/www.appoloviracel.com.uy\/index.php\/wp-json\/wp\/v2\/pages\/3591\/revisions"}],"predecessor-version":[{"id":7083,"href":"https:\/\/www.appoloviracel.com.uy\/index.php\/wp-json\/wp\/v2\/pages\/3591\/revisions\/7083"}],"wp:featuredmedia":[{"embeddable":true,"href":"https:\/\/www.appoloviracel.com.uy\/index.php\/wp-json\/wp\/v2\/media\/6965"}],"wp:attachment":[{"href":"https:\/\/www.appoloviracel.com.uy\/index.php\/wp-json\/wp\/v2\/media?parent=3591"}],"curies":[{"name":"wp","href":"https:\/\/api.w.org\/{rel}","templated":true}]}}